{"id":66,"date":"2022-08-05T18:50:38","date_gmt":"2022-08-05T21:50:38","guid":{"rendered":"https:\/\/siicsufma.shcomunicacao.com.br\/2022\/?page_id=66"},"modified":"2022-08-05T23:10:04","modified_gmt":"2022-08-06T02:10:04","slug":"minicursos","status":"publish","type":"page","link":"https:\/\/siicsufma.shcomunicacao.com.br\/2022\/?page_id=66","title":{"rendered":"Minicursos"},"content":{"rendered":"\n<h3 class=\"has-text-color wp-block-heading\" style=\"color:#348e91\"><strong>TUTORIA EAD<\/strong>: Ferramentas Digitais para Tutores EaD<\/h3>\n\n\n\n<p><strong>Esp. Guilherme Cerqueira<\/strong><br>Mestrando em Cultura e Sociedade (PGCult-UFMA)<br>Especialista em Tutoria EaD (Faculdade S\u00e3o Lu\u00eds &#8211; SP)<br>Especialista em Doc\u00eancia do Ensino Superior (Gianna Beretta &#8211; MA)<\/p>\n\n\n\n<p><em>Ementa:<\/em> A educa\u00e7\u00e3o vem sofrendo adapta\u00e7\u00f5es e evolu\u00e7\u00f5es nos \u00faltimos tempos. As inova\u00e7\u00f5es de plataformas dispon\u00edveis para alunos e professores aprimoram m\u00e9todos e eliminam pr\u00e1ticas ineficientes. No Brasil ap\u00f3s a pandemia do COVID-19, as experi\u00eancias vivenciadas durante esse per\u00edodo foram determinantes no uso de TDIC. Na educa\u00e7\u00e3o presencial com uso de tecnologias, nas aulas remotas e na educa\u00e7\u00e3o a dist\u00e2ncia n\u00e3o foi diferente, a quantidade de op\u00e7\u00f5es cresceu exponencialmente. Com isso fazemos a seguinte pergunta: Qual melhor ou mais eficiente recurso tecnol\u00f3gico eu devo utilizar?\u00a0 Assim como alunos e professores, o tutor tamb\u00e9m precisa aprimorar sua a\u00e7\u00e3o educacional. E foi pensando nisso que este curso foi elaborado. O objetivo \u00e9 mostrar as diversas op\u00e7\u00f5es eficientes de trabalho dentro do ambiente de sala de aula virtual, remoto ou at\u00e9 mesmo presencial com o uso de tecnologias Digitais da Informa\u00e7\u00e3o e Comunica\u00e7\u00e3o . O curso vai apresentar o que existe de eficiente, inovador e interessante para produ\u00e7\u00e3o de conte\u00fados, aulas remotas e aux\u00edlio no desempenho de atividades educacionais. Voc\u00ea professor quer conhecer alguns aplicativos e ferramentas digitais e sua aplicabilidade em sala de aula esse curso vai te ajudar.<\/p>\n\n\n\n<hr class=\"wp-block-separator has-alpha-channel-opacity\"\/>\n\n\n\n<h3 class=\"has-text-color wp-block-heading\" style=\"color:#348e91\"><strong>Rela\u00e7\u00f5es de g\u00eanero, parentalidade e produ\u00e7\u00e3o cient\u00edfica<\/strong>: a pesquisa e suas distintas temporalidades<\/h3>\n\n\n\n<p><strong>Dra. Rarielle Rodrigues Lima<\/strong><br>Doutora em Ci\u00eancias Sociais (PPGCSoc\/UFMA)<br>Mestra em Cultura e Sociedade (PGCult\/UFMA)<\/p>\n\n\n\n<p><em>Ementa: <\/em>As discuss\u00f5es que envolvem as rela\u00e7\u00f5es de g\u00eanero e as produ\u00e7\u00f5es cient\u00edficas evidenciam as diferen\u00e7as de acesso quanto aos espa\u00e7os de poder e saber. O minicurso tem como objetivo trazer elementos alinhados \u00e0 perspectiva p\u00f3s-estruturalista de compreens\u00e3o das rela\u00e7\u00f5es sociais de g\u00eanero no processo de produ\u00e7\u00e3o cient\u00edfica, deslocando defini\u00e7\u00f5es sobre cuidado de crian\u00e7as e produtividade. Abordaremos as categorias g\u00eanero, feminilidades, masculinidades, paternidades e maternidades nos espa\u00e7os acad\u00eamicos a partir dos estudos de Judith Butler, Michel Foucault, Guacira Louro, Valeska Zanello entre outros. Al\u00e9m de construir debates evidenciando as a\u00e7\u00f5es desenvolvidas para constru\u00e7\u00e3o de um espa\u00e7o que reconhe\u00e7a as temporalidades que envolvem o cuidar e pesquisar.<\/p>\n\n\n\n<hr class=\"wp-block-separator has-alpha-channel-opacity\"\/>\n\n\n\n<h3 class=\"has-text-color wp-block-heading\" style=\"color:#348e91\"><strong>PRODUTIVIDADE ACAD\u00caMICA E A PESQUISA INTERDISCIPLINAR<\/strong>: caminhos para otimizar a produ\u00e7\u00e3o cient\u00edfica<\/h3>\n\n\n\n<p><strong>Me. Donny dos Santos<\/strong><br>Doutorando em Pol\u00edticas P\u00fablicas (PPGPP-UFMA)<br>Mestre em Cultura e Sociedade (PGCult-UFMA)<br>Especialista em Metodologia do Ensino Superior (UFMA)<\/p>\n\n\n\n<p><strong>Me. Maur\u00edcio Jos\u00e9 Morais<\/strong><br>Doutorando em Ci\u00eancia da Informa\u00e7\u00e3o (PPGCI-UFPB)<br>Mestre em Cultura e Sociedade (PGCult-UFMA)<br>Especialista em Design Instrucional (Centro Universit\u00e1rio Senac)<\/p>\n\n\n\n<p><em>Ementa: <\/em>Nem sempre a constru\u00e7\u00e3o e elabora\u00e7\u00e3o de artigos cient\u00edficos \u00e9 uma tarefa f\u00e1cil, independente do campo de conhecimento, uma vez que envolve uma s\u00e9rie de escolhas que perpassam a tem\u00e1tica, a metodologia, a reda\u00e7\u00e3o e os canais onde tais produ\u00e7\u00f5es ser\u00e3o comunicadas. O minicurso tem por objetivo apresentar diretrizes para a constru\u00e7\u00e3o e reda\u00e7\u00e3o de artigos cient\u00edficos, seus elementos estruturantes b\u00e1sicos, considerando os indicadores de produ\u00e7\u00e3o cient\u00edfica, fator de impacto e contexto emergente da divulga\u00e7\u00e3o cient\u00edfica. Pretende-se, tamb\u00e9m evidenciar as estrat\u00e9gias para a sele\u00e7\u00e3o de peri\u00f3dicos Qualis CAPES indexados, a partir de direcionamentos quanto a classifica\u00e7\u00e3o, sistema de envio de artigos na plataforma Open Journal System (OJS), normativas dos peri\u00f3dicos, acompanhamento, bases de dados e demais orienta\u00e7\u00f5es. Apontamentos para otimiza\u00e7\u00e3o da produ\u00e7\u00e3o cient\u00edfica interdisciplinar, a partir dos indicadores de produ\u00e7\u00e3o acad\u00eamica, dentre eles o Google Scholar, SciElo, Plataforma Sucupira.<\/p>\n\n\n\n<hr class=\"wp-block-separator has-alpha-channel-opacity\"\/>\n\n\n\n<h3 class=\"has-text-color wp-block-heading\" style=\"color:#348e91\"><strong>S\u00c3O LUIS E A CONSTRU\u00c7\u00c3O SIMB\u00d3LICA DAS REPRESENTA\u00c7\u00d5ES DE IDENTIDADE CULTURAL:<\/strong> de Athenas Brasileira \u00e0 Ilha do Reggae<\/h3>\n\n\n\n<p><strong>Tereza Cristina Lobato Pereira<\/strong><br>Mestranda em Cultura e Sociedade (PGCult-UFMA)<br>Graduada em Turismo Bacharelado (UFMA)<\/p>\n\n\n\n<p><strong>Mariana Queen<\/strong><br>Mestranda em Cultura e Sociedade (PGCult-UFMA)<br>Graduada em Direito Bacharelado (CEUMA)<\/p>\n\n\n\n<p><em>Ementa: <\/em>Contemporaneamente temos observado uma grande preocupa\u00e7\u00e3o, nas politicas p\u00fablicas e na pr\u00f3pria comunidade em geral, em salvaguardar s\u00edmbolos, de ordem coletiva que det\u00e9m valor hist\u00f3rico e cultural. Neste minicurso ser\u00e3o abordadas tem\u00e1ticas relativas a patrim\u00f4nio e cidades, enquanto espa\u00e7os urbanos, tendo como elo a sociedade, tendo como base S\u00e3o Lu\u00eds.\u00a0 Devemos considerar que a compreens\u00e3o da quest\u00e3o patrimonial, em S\u00e3o Lu\u00eds, n\u00e3o \u00e9 t\u00e3o nova, entretanto apenas recentemente ganhou maiores vultos, em virtude da associa\u00e7\u00e3o entre desenvolvimento, mem\u00f3ria e identidade. O recorte S\u00c3O LUIS E A CONSTRU\u00c7\u00c3O SIMBOLICA DAS REPRESENTA\u00c7\u00d5ES DE IDENTIDADE CULTURAL: de Athenas Brasileira \u00e0 Ilha do Reggae, aprofundar\u00e1 as discuss\u00f5es a cerca do processo de entendimento, pertencimento, aproveitamento e valoriza\u00e7\u00e3o de bens a partir de determinados discursos, refer\u00eancias e concep\u00e7\u00f5es sociais.<\/p>\n","protected":false},"excerpt":{"rendered":"<p>TUTORIA EAD: Ferramentas Digitais para Tutores EaD Esp. Guilherme CerqueiraMestrando em Cultura e Sociedade (PGCult-UFMA)Especialista em Tutoria EaD (Faculdade S\u00e3o Lu\u00eds &#8211; SP)Especialista em Doc\u00eancia do Ensino Superior (Gianna Beretta &#8211; MA) Ementa: A educa\u00e7\u00e3o vem sofrendo adapta\u00e7\u00f5es e evolu\u00e7\u00f5es nos \u00faltimos tempos. As inova\u00e7\u00f5es de plataformas dispon\u00edveis para alunos e professores aprimoram m\u00e9todos e [&hellip;]<\/p>\n","protected":false},"author":1,"featured_media":0,"parent":0,"menu_order":0,"comment_status":"closed","ping_status":"closed","template":"","meta":{"footnotes":""},"class_list":["post-66","page","type-page","status-publish","hentry"],"yoast_head":"<!-- This site is optimized with the Yoast SEO Premium plugin v19.0.1 (Yoast SEO v19.13) - https:\/\/yoast.com\/wordpress\/plugins\/seo\/ -->\n<title>Minicursos - IV SIICS UFMA<\/title>\n<meta name=\"robots\" content=\"index, follow, max-snippet:-1, max-image-preview:large, max-video-preview:-1\" \/>\n<link rel=\"canonical\" href=\"https:\/\/siicsufma.shcomunicacao.com.br\/2022\/?page_id=66\" \/>\n<meta property=\"og:locale\" content=\"pt_BR\" \/>\n<meta property=\"og:type\" content=\"article\" \/>\n<meta property=\"og:title\" content=\"Minicursos\" \/>\n<meta property=\"og:description\" content=\"TUTORIA EAD: Ferramentas Digitais para Tutores EaD Esp. Guilherme CerqueiraMestrando em Cultura e Sociedade (PGCult-UFMA)Especialista em Tutoria EaD (Faculdade S\u00e3o Lu\u00eds &#8211; SP)Especialista em Doc\u00eancia do Ensino Superior (Gianna Beretta &#8211; MA) Ementa: A educa\u00e7\u00e3o vem sofrendo adapta\u00e7\u00f5es e evolu\u00e7\u00f5es nos \u00faltimos tempos. As inova\u00e7\u00f5es de plataformas dispon\u00edveis para alunos e professores aprimoram m\u00e9todos e [&hellip;]\" \/>\n<meta property=\"og:url\" content=\"https:\/\/siicsufma.shcomunicacao.com.br\/2022\/?page_id=66\" \/>\n<meta property=\"og:site_name\" content=\"IV SIICS UFMA\" \/>\n<meta property=\"article:modified_time\" content=\"2022-08-06T02:10:04+00:00\" \/>\n<meta property=\"og:image\" content=\"https:\/\/siicsufma.shcomunicacao.com.br\/2022\/wp-content\/uploads\/2022\/08\/Arte-SIICS-2022-CARD-v.2.png\" \/>\n\t<meta property=\"og:image:width\" content=\"1080\" \/>\n\t<meta property=\"og:image:height\" content=\"1080\" \/>\n\t<meta property=\"og:image:type\" content=\"image\/png\" \/>\n<meta name=\"twitter:card\" content=\"summary_large_image\" \/>\n<meta name=\"twitter:label1\" content=\"Est. tempo de leitura\" \/>\n\t<meta name=\"twitter:data1\" content=\"4 minutos\" \/>\n<script type=\"application\/ld+json\" class=\"yoast-schema-graph\">{\"@context\":\"https:\/\/schema.org\",\"@graph\":[{\"@type\":\"WebPage\",\"@id\":\"https:\/\/siicsufma.shcomunicacao.com.br\/2022\/?page_id=66\",\"url\":\"https:\/\/siicsufma.shcomunicacao.com.br\/2022\/?page_id=66\",\"name\":\"Minicursos - IV SIICS UFMA\",\"isPartOf\":{\"@id\":\"https:\/\/siicsufma.shcomunicacao.com.br\/2022\/#website\"},\"datePublished\":\"2022-08-05T21:50:38+00:00\",\"dateModified\":\"2022-08-06T02:10:04+00:00\",\"breadcrumb\":{\"@id\":\"https:\/\/siicsufma.shcomunicacao.com.br\/2022\/?page_id=66#breadcrumb\"},\"inLanguage\":\"pt-BR\",\"potentialAction\":[{\"@type\":\"ReadAction\",\"target\":[\"https:\/\/siicsufma.shcomunicacao.com.br\/2022\/?page_id=66\"]}]},{\"@type\":\"BreadcrumbList\",\"@id\":\"https:\/\/siicsufma.shcomunicacao.com.br\/2022\/?page_id=66#breadcrumb\",\"itemListElement\":[{\"@type\":\"ListItem\",\"position\":1,\"name\":\"In\u00edcio\",\"item\":\"https:\/\/siicsufma.shcomunicacao.com.br\/2022\/\"},{\"@type\":\"ListItem\",\"position\":2,\"name\":\"Minicursos\"}]},{\"@type\":\"WebSite\",\"@id\":\"https:\/\/siicsufma.shcomunicacao.com.br\/2022\/#website\",\"url\":\"https:\/\/siicsufma.shcomunicacao.com.br\/2022\/\",\"name\":\"IV SIICS UFMA\",\"description\":\"Simp\u00f3sio Internacional Interdisciplinar em Cultura e Sociedade\",\"publisher\":{\"@id\":\"https:\/\/siicsufma.shcomunicacao.com.br\/2022\/#organization\"},\"potentialAction\":[{\"@type\":\"SearchAction\",\"target\":{\"@type\":\"EntryPoint\",\"urlTemplate\":\"https:\/\/siicsufma.shcomunicacao.com.br\/2022\/?s={search_term_string}\"},\"query-input\":\"required name=search_term_string\"}],\"inLanguage\":\"pt-BR\"},{\"@type\":\"Organization\",\"@id\":\"https:\/\/siicsufma.shcomunicacao.com.br\/2022\/#organization\",\"name\":\"IV SIICS e IX Semana Acad\u00eamica - PGCult UFMA\",\"url\":\"https:\/\/siicsufma.shcomunicacao.com.br\/2022\/\",\"logo\":{\"@type\":\"ImageObject\",\"inLanguage\":\"pt-BR\",\"@id\":\"https:\/\/siicsufma.shcomunicacao.com.br\/2022\/#\/schema\/logo\/image\/\",\"url\":\"http:\/\/siicsufma.shcomunicacao.com.br\/2022\/wp-content\/uploads\/2022\/08\/Arte-SIICS-2022-v.3.jpg\",\"contentUrl\":\"http:\/\/siicsufma.shcomunicacao.com.br\/2022\/wp-content\/uploads\/2022\/08\/Arte-SIICS-2022-v.3.jpg\",\"width\":1080,\"height\":1080,\"caption\":\"IV SIICS e IX Semana Acad\u00eamica - PGCult UFMA\"},\"image\":{\"@id\":\"https:\/\/siicsufma.shcomunicacao.com.br\/2022\/#\/schema\/logo\/image\/\"}}]}<\/script>\n<!-- \/ Yoast SEO Premium plugin. -->","yoast_head_json":{"title":"Minicursos - IV SIICS UFMA","robots":{"index":"index","follow":"follow","max-snippet":"max-snippet:-1","max-image-preview":"max-image-preview:large","max-video-preview":"max-video-preview:-1"},"canonical":"https:\/\/siicsufma.shcomunicacao.com.br\/2022\/?page_id=66","og_locale":"pt_BR","og_type":"article","og_title":"Minicursos","og_description":"TUTORIA EAD: Ferramentas Digitais para Tutores EaD Esp. Guilherme CerqueiraMestrando em Cultura e Sociedade (PGCult-UFMA)Especialista em Tutoria EaD (Faculdade S\u00e3o Lu\u00eds &#8211; SP)Especialista em Doc\u00eancia do Ensino Superior (Gianna Beretta &#8211; MA) Ementa: A educa\u00e7\u00e3o vem sofrendo adapta\u00e7\u00f5es e evolu\u00e7\u00f5es nos \u00faltimos tempos. As inova\u00e7\u00f5es de plataformas dispon\u00edveis para alunos e professores aprimoram m\u00e9todos e [&hellip;]","og_url":"https:\/\/siicsufma.shcomunicacao.com.br\/2022\/?page_id=66","og_site_name":"IV SIICS UFMA","article_modified_time":"2022-08-06T02:10:04+00:00","og_image":[{"width":1080,"height":1080,"url":"https:\/\/siicsufma.shcomunicacao.com.br\/2022\/wp-content\/uploads\/2022\/08\/Arte-SIICS-2022-CARD-v.2.png","type":"image\/png"}],"twitter_card":"summary_large_image","twitter_misc":{"Est. tempo de leitura":"4 minutos"},"schema":{"@context":"https:\/\/schema.org","@graph":[{"@type":"WebPage","@id":"https:\/\/siicsufma.shcomunicacao.com.br\/2022\/?page_id=66","url":"https:\/\/siicsufma.shcomunicacao.com.br\/2022\/?page_id=66","name":"Minicursos - IV SIICS UFMA","isPartOf":{"@id":"https:\/\/siicsufma.shcomunicacao.com.br\/2022\/#website"},"datePublished":"2022-08-05T21:50:38+00:00","dateModified":"2022-08-06T02:10:04+00:00","breadcrumb":{"@id":"https:\/\/siicsufma.shcomunicacao.com.br\/2022\/?page_id=66#breadcrumb"},"inLanguage":"pt-BR","potentialAction":[{"@type":"ReadAction","target":["https:\/\/siicsufma.shcomunicacao.com.br\/2022\/?page_id=66"]}]},{"@type":"BreadcrumbList","@id":"https:\/\/siicsufma.shcomunicacao.com.br\/2022\/?page_id=66#breadcrumb","itemListElement":[{"@type":"ListItem","position":1,"name":"In\u00edcio","item":"https:\/\/siicsufma.shcomunicacao.com.br\/2022\/"},{"@type":"ListItem","position":2,"name":"Minicursos"}]},{"@type":"WebSite","@id":"https:\/\/siicsufma.shcomunicacao.com.br\/2022\/#website","url":"https:\/\/siicsufma.shcomunicacao.com.br\/2022\/","name":"IV SIICS UFMA","description":"Simp\u00f3sio Internacional Interdisciplinar em Cultura e Sociedade","publisher":{"@id":"https:\/\/siicsufma.shcomunicacao.com.br\/2022\/#organization"},"potentialAction":[{"@type":"SearchAction","target":{"@type":"EntryPoint","urlTemplate":"https:\/\/siicsufma.shcomunicacao.com.br\/2022\/?s={search_term_string}"},"query-input":"required name=search_term_string"}],"inLanguage":"pt-BR"},{"@type":"Organization","@id":"https:\/\/siicsufma.shcomunicacao.com.br\/2022\/#organization","name":"IV SIICS e IX Semana Acad\u00eamica - PGCult UFMA","url":"https:\/\/siicsufma.shcomunicacao.com.br\/2022\/","logo":{"@type":"ImageObject","inLanguage":"pt-BR","@id":"https:\/\/siicsufma.shcomunicacao.com.br\/2022\/#\/schema\/logo\/image\/","url":"http:\/\/siicsufma.shcomunicacao.com.br\/2022\/wp-content\/uploads\/2022\/08\/Arte-SIICS-2022-v.3.jpg","contentUrl":"http:\/\/siicsufma.shcomunicacao.com.br\/2022\/wp-content\/uploads\/2022\/08\/Arte-SIICS-2022-v.3.jpg","width":1080,"height":1080,"caption":"IV SIICS e IX Semana Acad\u00eamica - PGCult UFMA"},"image":{"@id":"https:\/\/siicsufma.shcomunicacao.com.br\/2022\/#\/schema\/logo\/image\/"}}]}},"_links":{"self":[{"href":"https:\/\/siicsufma.shcomunicacao.com.br\/2022\/index.php?rest_route=\/wp\/v2\/pages\/66","targetHints":{"allow":["GET"]}}],"collection":[{"href":"https:\/\/siicsufma.shcomunicacao.com.br\/2022\/index.php?rest_route=\/wp\/v2\/pages"}],"about":[{"href":"https:\/\/siicsufma.shcomunicacao.com.br\/2022\/index.php?rest_route=\/wp\/v2\/types\/page"}],"author":[{"embeddable":true,"href":"https:\/\/siicsufma.shcomunicacao.com.br\/2022\/index.php?rest_route=\/wp\/v2\/users\/1"}],"replies":[{"embeddable":true,"href":"https:\/\/siicsufma.shcomunicacao.com.br\/2022\/index.php?rest_route=%2Fwp%2Fv2%2Fcomments&post=66"}],"version-history":[{"count":4,"href":"https:\/\/siicsufma.shcomunicacao.com.br\/2022\/index.php?rest_route=\/wp\/v2\/pages\/66\/revisions"}],"predecessor-version":[{"id":227,"href":"https:\/\/siicsufma.shcomunicacao.com.br\/2022\/index.php?rest_route=\/wp\/v2\/pages\/66\/revisions\/227"}],"wp:attachment":[{"href":"https:\/\/siicsufma.shcomunicacao.com.br\/2022\/index.php?rest_route=%2Fwp%2Fv2%2Fmedia&parent=66"}],"curies":[{"name":"wp","href":"https:\/\/api.w.org\/{rel}","templated":true}]}}