{"id":60,"date":"2022-08-05T18:49:34","date_gmt":"2022-08-05T21:49:34","guid":{"rendered":"https:\/\/siicsufma.shcomunicacao.com.br\/2022\/?page_id=60"},"modified":"2022-08-18T21:35:51","modified_gmt":"2022-08-19T00:35:51","slug":"submissao-de-trabalho","status":"publish","type":"page","link":"https:\/\/siicsufma.shcomunicacao.com.br\/2022\/?page_id=60","title":{"rendered":"Submiss\u00e3o de Trabalho"},"content":{"rendered":"\n<h3 class=\"has-text-color wp-block-heading\" id=\"h-regras-para-resumos\" style=\"color:#348e91\"><span style=\"text-decoration: underline;\">Regras para Resumos<\/span><\/h3>\n\n\n\n<p>O resumo tem que ser digitado em portugu\u00eas e conter o m\u00ednimo de 1.500 caracteres e o m\u00e1ximo de 3.000 caracteres com espa\u00e7os. Organize o resumo de forma a incluir t\u00edtulo, nome, uma pequena introdu\u00e7\u00e3o, objetivos, metodologia e a conclus\u00e3o do trabalho, em Times New Roman, tamanho 12 e espa\u00e7amento simples&nbsp;contendo quatro palavras-chave.<\/p>\n\n\n\n<p><strong>Per\u00edodo de submiss\u00e3o dos resumos:<\/strong> 10\/8\/2022&nbsp;at\u00e9 13\/9\/2022<\/p>\n\n\n\n<p><strong>Per\u00edodo de submiss\u00e3o dos trabalhos completos para publica\u00e7\u00e3o no E-book:<\/strong> 27\/9\/2022&nbsp;at\u00e9 30\/9\/2022<\/p>\n\n\n\n<h3 class=\"has-text-color wp-block-heading\" id=\"h-observacoes\" style=\"color:#348e91\"><span style=\"text-decoration: underline;\">Observa\u00e7\u00f5es<\/span><\/h3>\n\n\n\n<ul class=\"wp-block-list\"><li><strong>\u200b<\/strong>Cada autor poder\u00e1 enviar at\u00e9 4 (quatro)&nbsp;resumos, se desejar, um para cada eixo tem\u00e1tico.<\/li><li>Para cada trabalho podem participar, em coautoria, at\u00e9 5 (cinco) autores, sendo que somente um apresentar\u00e1 o trabalho e essa escolha deve ser marcada no formul\u00e1rio.<\/li><li>Para publica\u00e7\u00e3o nas atas do simp\u00f3sio&nbsp;todos os autores devem estar inscritos no evento.<\/li><\/ul>\n\n\n\n<h3 class=\"has-text-color wp-block-heading\" id=\"h-eixos-tematicos\" style=\"color:#348e91\"><span style=\"text-decoration: underline;\">Eixos Tem\u00e1ticos<\/span><\/h3>\n\n\n\n<p>&nbsp; &nbsp; &nbsp; &nbsp; &nbsp; &nbsp;&nbsp;&nbsp;Eixo 1 \u2013&nbsp;Arte, Tecnologia e Educa\u00e7\u00e3o<\/p>\n\n\n\n<p>&nbsp; &nbsp; &nbsp; &nbsp; &nbsp; &nbsp;&nbsp;&nbsp;Eixo 2 \u2013&nbsp;G\u00eanero, Literatura e Filosofia<\/p>\n\n\n\n<p>&nbsp; &nbsp; &nbsp; &nbsp; &nbsp; &nbsp;&nbsp;&nbsp;Eixo 3 \u2013&nbsp;Cidades, Patrim\u00f4nio Cultural e Sociedade<\/p>\n\n\n\n<p>&nbsp; &nbsp; &nbsp; &nbsp; &nbsp; &nbsp;&nbsp;&nbsp;Eixo 4 \u2013&nbsp;M\u00eddias, Linguagens, Mem\u00f3ria e Sociedade<\/p>\n\n\n\n<h3 class=\"has-text-color wp-block-heading\" id=\"h-submissao-de-resumos\" style=\"color:#348e91\"><span style=\"text-decoration: underline;\">Submiss\u00e3o de Resumos<\/span><\/h3>\n\n\n\n<div class=\"wp-block-columns is-layout-flex wp-container-core-columns-is-layout-9d6595d7 wp-block-columns-is-layout-flex\">\n<div class=\"wp-block-column is-layout-flow wp-block-column-is-layout-flow\" style=\"flex-basis:66.66%\">\n<div class=\"wp-block-buttons is-layout-flex wp-block-buttons-is-layout-flex\">\n<div class=\"wp-block-button\"><a class=\"wp-block-button__link has-white-color has-text-color has-background\" href=\"http:\/\/siicsufma.shcomunicacao.com.br\/2022\/wp-content\/uploads\/2022\/08\/Template_Comunicacao_Oral_Resumos.doc\" style=\"background-color:#1c5052\" target=\"_blank\" rel=\"noreferrer noopener\">Template Resumos<\/a><\/div>\n<\/div>\n<\/div>\n\n\n\n<div class=\"wp-block-column is-layout-flow wp-block-column-is-layout-flow\" style=\"flex-basis:33.33%\">\n<div class=\"wp-block-buttons is-layout-flex wp-block-buttons-is-layout-flex\">\n<div class=\"wp-block-button\"><a class=\"wp-block-button__link has-white-color has-text-color has-background\" href=\"https:\/\/doity.com.br\/siicsufma2022\/artigos?modelo=3407\" style=\"background-color:#1c5052\" target=\"_blank\" rel=\"noreferrer noopener\">Submiss\u00e3o do Resumo<\/a><\/div>\n<\/div>\n<\/div>\n<\/div>\n\n\n\n<hr class=\"wp-block-separator has-alpha-channel-opacity\"\/>\n\n\n\n<h3 class=\"has-text-align-left has-text-color wp-block-heading\" id=\"h-apresentacao-de-slides\" style=\"color:#348e91\"><span style=\"text-decoration: underline;\">Apresenta\u00e7\u00e3o de Slides<\/span><\/h3>\n\n\n\n<div class=\"wp-block-buttons is-content-justification-left is-layout-flex wp-container-core-buttons-is-layout-fdcfc74e wp-block-buttons-is-layout-flex\">\n<div class=\"wp-block-button aligncenter\"><a class=\"wp-block-button__link has-white-color has-text-color has-background\" href=\"http:\/\/siicsufma.shcomunicacao.com.br\/2022\/wp-content\/uploads\/2022\/08\/Modelo-de-Apresentacao-dos-Slides.pptx\" style=\"background-color:#1c5052\" target=\"_blank\" rel=\"noreferrer noopener\">Template para os Slides<\/a><\/div>\n<\/div>\n\n\n\n<hr class=\"wp-block-separator has-alpha-channel-opacity\"\/>\n\n\n\n<h3 class=\"has-text-color wp-block-heading\" id=\"h-submissao-de-trabalhos-completos\" style=\"color:#348e91\"><span style=\"text-decoration: underline;\">Submiss\u00e3o de Trabalhos Completos<\/span><\/h3>\n\n\n\n<p><strong>CHAMADA PARA PUBLICA\u00c7\u00c3O DOS ARTIGOS (TRABALHOS COMPLETOS APRESENTADOS) NOS ANAIS DO IV SIICS.<\/strong><\/p>\n\n\n\n<p>Convidamos os participantes do IV SIICS (individualmente ou em coautoria com demais autores, orientadores e professores) que apresentaram confer\u00eancias, mesas-redondas e comunica\u00e7\u00f5es no IV Simp\u00f3sio Internacional Interdisciplinar em Cultura e Sociedade a enviarem seu texto at\u00e9 o dia 30 de SETEMBRO de 2022 para que sejam publicados no E-book do evento.<\/p>\n\n\n\n<p>Cada autor poder\u00e1 submeter at\u00e9 (4) quatro artigos apresentados.<\/p>\n\n\n\n<p>Todos os trabalhos aprovados para a publica\u00e7\u00e3o aparecer\u00e3o no E-book do IV Simp\u00f3sio Internacional Interdisciplinar em Cultura e Sociedade, que ter\u00e1 selo da EDUFMA e ISSN.<\/p>\n\n\n\n<p><strong>Regras para submiss\u00e3o:<\/strong><\/p>\n\n\n\n<p><strong>\u200b<\/strong>1. Os trabalhos completos dever\u00e3o ser enquadrados nas orienta\u00e7\u00f5es abaixo e encaminhados do seguinte modo:<\/p>\n\n\n\n<p>&#8211; Adequa\u00e7\u00e3o \u00e0s \u00e1reas dos tr\u00eas eixos tem\u00e1ticos do IV SIICS:<\/p>\n\n\n\n<p>a) Eixo 1 \u2013 Arte, Tecnologia e Educa\u00e7\u00e3o;<\/p>\n\n\n\n<p>b) Eixo 2 \u2013 G\u00eanero, Literatura e Filosofia;<\/p>\n\n\n\n<p>c) Eixo 3 \u2013&nbsp;Cidades, Patrim\u00f4nio Cultural e Sociedade<\/p>\n\n\n\n<p>c) Eixo 4 \u2013 M\u00eddias, Linguagens, Mem\u00f3ria e Sociedade<\/p>\n\n\n\n<p>\u200b2. Os artigos devem ser submetidos em&nbsp;formato Word.<\/p>\n\n\n\n<p>3. Primeiras linhas: &nbsp;&#8211; T\u00edtulo do artigo em portugu\u00eas e ingl\u00eas (centralizado); nome do autor, titula\u00e7\u00e3o acad\u00eamica, institui\u00e7\u00e3o e eixo (\u00e0 direita)<\/p>\n\n\n\n<p>4. Resumo; palavras-chave; abstract; Keywords<\/p>\n\n\n\n<p>5. Em Seguida: Texto; Refer\u00eancias.<\/p>\n\n\n\n<p>6. Formata\u00e7\u00e3o do texto: fonte Times New Roman tamanho 12; folha A4 com margens superior e esquerda de 3 cm e inferior e direita de 2 cm; par\u00e1grafo deve iniciar com recuo \u00e0 esquerda de 1,25 cm; espa\u00e7amento entre linhas 1,5; cita\u00e7\u00e3o em destaque a partir de 4 linhas com recuo de 4 cm \u00e0 esquerda, espa\u00e7amento simples; refer\u00eancias bibliogr\u00e1ficas no corpo do texto seguindo o modelo (Autor, ano, p\u00e1gina) e refer\u00eancias completas no final do texto (de acordo com as regras da ABNT);<\/p>\n\n\n\n<p><strong>Quantidade de p\u00e1ginas:<\/strong> m\u00ednimo 10 ; m\u00e1ximo 20 p\u00e1ginas<\/p>\n\n\n\n<p>7. As figuras e tabelas devem estar inseridas no texto;<\/p>\n\n\n\n<p>8.&nbsp;<strong>Declara\u00e7\u00e3o de responsabilidade autoral:&nbsp;<\/strong>Todos os autores declaram, sob compromisso de honra, a leg\u00edtima autoria dos textos apresentados, sujeitando-os a mecanismos de detec\u00e7\u00e3o de pl\u00e1gio o que, quando detectado, implica a imediata rejei\u00e7\u00e3o dos trabalhos.<\/p>\n\n\n\n<p>Aguardamos a colabora\u00e7\u00e3o de voc\u00eas.<\/p>\n\n\n\n<p>\u200bComiss\u00e3o Organizadora do IV Simp\u00f3sio Internacional<\/p>\n\n\n\n<p>Interdisciplinar em Cultura e Sociedade e da IX Semana Acad\u00eamica do PGCult promovido pelo PGCult-UFMA<\/p>\n\n\n\n<div class=\"wp-block-columns is-layout-flex wp-container-core-columns-is-layout-9d6595d7 wp-block-columns-is-layout-flex\">\n<div class=\"wp-block-column is-layout-flow wp-block-column-is-layout-flow\" style=\"flex-basis:66.66%\">\n<div class=\"wp-block-buttons is-layout-flex wp-block-buttons-is-layout-flex\">\n<div class=\"wp-block-button\"><a class=\"wp-block-button__link has-white-color has-text-color has-background\" href=\"http:\/\/siicsufma.shcomunicacao.com.br\/2022\/wp-content\/uploads\/2022\/08\/Template_Trabalhos_Completos.doc\" style=\"background-color:#1c5052\" target=\"_blank\" rel=\"noreferrer noopener\">Template Trabalho Completo<\/a><\/div>\n<\/div>\n<\/div>\n\n\n\n<div class=\"wp-block-column is-layout-flow wp-block-column-is-layout-flow\" style=\"flex-basis:33.33%\">\n<div class=\"wp-block-buttons is-layout-flex wp-block-buttons-is-layout-flex\">\n<div class=\"wp-block-button\"><a class=\"wp-block-button__link has-white-color has-text-color has-background\" href=\"https:\/\/doity.com.br\/siicsufma2022\/artigos?modelo=3408\" style=\"background-color:#1c5052\" target=\"_blank\" rel=\"noreferrer noopener\">Submiss\u00e3o Trabalho Completo<\/a><\/div>\n<\/div>\n<\/div>\n<\/div>\n","protected":false},"excerpt":{"rendered":"<p>Regras para Resumos O resumo tem que ser digitado em portugu\u00eas e conter o m\u00ednimo de 1.500 caracteres e o m\u00e1ximo de 3.000 caracteres com espa\u00e7os. Organize o resumo de forma a incluir t\u00edtulo, nome, uma pequena introdu\u00e7\u00e3o, objetivos, metodologia e a conclus\u00e3o do trabalho, em Times New Roman, tamanho 12 e espa\u00e7amento simples&nbsp;contendo quatro [&hellip;]<\/p>\n","protected":false},"author":1,"featured_media":0,"parent":0,"menu_order":0,"comment_status":"closed","ping_status":"closed","template":"","meta":{"footnotes":""},"class_list":["post-60","page","type-page","status-publish","hentry"],"yoast_head":"<!-- This site is optimized with the Yoast SEO Premium plugin v19.0.1 (Yoast SEO v19.13) - https:\/\/yoast.com\/wordpress\/plugins\/seo\/ -->\n<title>Submiss\u00e3o de Trabalho - IV SIICS UFMA<\/title>\n<meta name=\"robots\" content=\"index, follow, max-snippet:-1, max-image-preview:large, max-video-preview:-1\" \/>\n<link rel=\"canonical\" href=\"https:\/\/siicsufma.shcomunicacao.com.br\/2022\/?page_id=60\" \/>\n<meta property=\"og:locale\" content=\"pt_BR\" \/>\n<meta property=\"og:type\" content=\"article\" \/>\n<meta property=\"og:title\" content=\"Submiss\u00e3o de Trabalho\" \/>\n<meta property=\"og:description\" content=\"Regras para Resumos O resumo tem que ser digitado em portugu\u00eas e conter o m\u00ednimo de 1.500 caracteres e o m\u00e1ximo de 3.000 caracteres com espa\u00e7os. Organize o resumo de forma a incluir t\u00edtulo, nome, uma pequena introdu\u00e7\u00e3o, objetivos, metodologia e a conclus\u00e3o do trabalho, em Times New Roman, tamanho 12 e espa\u00e7amento simples&nbsp;contendo quatro [&hellip;]\" \/>\n<meta property=\"og:url\" content=\"https:\/\/siicsufma.shcomunicacao.com.br\/2022\/?page_id=60\" \/>\n<meta property=\"og:site_name\" content=\"IV SIICS UFMA\" \/>\n<meta property=\"article:modified_time\" content=\"2022-08-19T00:35:51+00:00\" \/>\n<meta property=\"og:image\" content=\"https:\/\/siicsufma.shcomunicacao.com.br\/2022\/wp-content\/uploads\/2022\/08\/Arte-SIICS-2022-CARD-v.2.png\" \/>\n\t<meta property=\"og:image:width\" content=\"1080\" \/>\n\t<meta property=\"og:image:height\" content=\"1080\" \/>\n\t<meta property=\"og:image:type\" content=\"image\/png\" \/>\n<meta name=\"twitter:card\" content=\"summary_large_image\" \/>\n<meta name=\"twitter:label1\" content=\"Est. tempo de leitura\" \/>\n\t<meta name=\"twitter:data1\" content=\"4 minutos\" \/>\n<script type=\"application\/ld+json\" class=\"yoast-schema-graph\">{\"@context\":\"https:\/\/schema.org\",\"@graph\":[{\"@type\":\"WebPage\",\"@id\":\"https:\/\/siicsufma.shcomunicacao.com.br\/2022\/?page_id=60\",\"url\":\"https:\/\/siicsufma.shcomunicacao.com.br\/2022\/?page_id=60\",\"name\":\"Submiss\u00e3o de Trabalho - IV SIICS UFMA\",\"isPartOf\":{\"@id\":\"https:\/\/siicsufma.shcomunicacao.com.br\/2022\/#website\"},\"datePublished\":\"2022-08-05T21:49:34+00:00\",\"dateModified\":\"2022-08-19T00:35:51+00:00\",\"breadcrumb\":{\"@id\":\"https:\/\/siicsufma.shcomunicacao.com.br\/2022\/?page_id=60#breadcrumb\"},\"inLanguage\":\"pt-BR\",\"potentialAction\":[{\"@type\":\"ReadAction\",\"target\":[\"https:\/\/siicsufma.shcomunicacao.com.br\/2022\/?page_id=60\"]}]},{\"@type\":\"BreadcrumbList\",\"@id\":\"https:\/\/siicsufma.shcomunicacao.com.br\/2022\/?page_id=60#breadcrumb\",\"itemListElement\":[{\"@type\":\"ListItem\",\"position\":1,\"name\":\"In\u00edcio\",\"item\":\"https:\/\/siicsufma.shcomunicacao.com.br\/2022\/\"},{\"@type\":\"ListItem\",\"position\":2,\"name\":\"Submiss\u00e3o de Trabalho\"}]},{\"@type\":\"WebSite\",\"@id\":\"https:\/\/siicsufma.shcomunicacao.com.br\/2022\/#website\",\"url\":\"https:\/\/siicsufma.shcomunicacao.com.br\/2022\/\",\"name\":\"IV SIICS UFMA\",\"description\":\"Simp\u00f3sio Internacional Interdisciplinar em Cultura e Sociedade\",\"publisher\":{\"@id\":\"https:\/\/siicsufma.shcomunicacao.com.br\/2022\/#organization\"},\"potentialAction\":[{\"@type\":\"SearchAction\",\"target\":{\"@type\":\"EntryPoint\",\"urlTemplate\":\"https:\/\/siicsufma.shcomunicacao.com.br\/2022\/?s={search_term_string}\"},\"query-input\":\"required name=search_term_string\"}],\"inLanguage\":\"pt-BR\"},{\"@type\":\"Organization\",\"@id\":\"https:\/\/siicsufma.shcomunicacao.com.br\/2022\/#organization\",\"name\":\"IV SIICS e IX Semana Acad\u00eamica - PGCult UFMA\",\"url\":\"https:\/\/siicsufma.shcomunicacao.com.br\/2022\/\",\"logo\":{\"@type\":\"ImageObject\",\"inLanguage\":\"pt-BR\",\"@id\":\"https:\/\/siicsufma.shcomunicacao.com.br\/2022\/#\/schema\/logo\/image\/\",\"url\":\"http:\/\/siicsufma.shcomunicacao.com.br\/2022\/wp-content\/uploads\/2022\/08\/Arte-SIICS-2022-v.3.jpg\",\"contentUrl\":\"http:\/\/siicsufma.shcomunicacao.com.br\/2022\/wp-content\/uploads\/2022\/08\/Arte-SIICS-2022-v.3.jpg\",\"width\":1080,\"height\":1080,\"caption\":\"IV SIICS e IX Semana Acad\u00eamica - PGCult UFMA\"},\"image\":{\"@id\":\"https:\/\/siicsufma.shcomunicacao.com.br\/2022\/#\/schema\/logo\/image\/\"}}]}<\/script>\n<!-- \/ Yoast SEO Premium plugin. -->","yoast_head_json":{"title":"Submiss\u00e3o de Trabalho - IV SIICS UFMA","robots":{"index":"index","follow":"follow","max-snippet":"max-snippet:-1","max-image-preview":"max-image-preview:large","max-video-preview":"max-video-preview:-1"},"canonical":"https:\/\/siicsufma.shcomunicacao.com.br\/2022\/?page_id=60","og_locale":"pt_BR","og_type":"article","og_title":"Submiss\u00e3o de Trabalho","og_description":"Regras para Resumos O resumo tem que ser digitado em portugu\u00eas e conter o m\u00ednimo de 1.500 caracteres e o m\u00e1ximo de 3.000 caracteres com espa\u00e7os. Organize o resumo de forma a incluir t\u00edtulo, nome, uma pequena introdu\u00e7\u00e3o, objetivos, metodologia e a conclus\u00e3o do trabalho, em Times New Roman, tamanho 12 e espa\u00e7amento simples&nbsp;contendo quatro [&hellip;]","og_url":"https:\/\/siicsufma.shcomunicacao.com.br\/2022\/?page_id=60","og_site_name":"IV SIICS UFMA","article_modified_time":"2022-08-19T00:35:51+00:00","og_image":[{"width":1080,"height":1080,"url":"https:\/\/siicsufma.shcomunicacao.com.br\/2022\/wp-content\/uploads\/2022\/08\/Arte-SIICS-2022-CARD-v.2.png","type":"image\/png"}],"twitter_card":"summary_large_image","twitter_misc":{"Est. tempo de leitura":"4 minutos"},"schema":{"@context":"https:\/\/schema.org","@graph":[{"@type":"WebPage","@id":"https:\/\/siicsufma.shcomunicacao.com.br\/2022\/?page_id=60","url":"https:\/\/siicsufma.shcomunicacao.com.br\/2022\/?page_id=60","name":"Submiss\u00e3o de Trabalho - IV SIICS UFMA","isPartOf":{"@id":"https:\/\/siicsufma.shcomunicacao.com.br\/2022\/#website"},"datePublished":"2022-08-05T21:49:34+00:00","dateModified":"2022-08-19T00:35:51+00:00","breadcrumb":{"@id":"https:\/\/siicsufma.shcomunicacao.com.br\/2022\/?page_id=60#breadcrumb"},"inLanguage":"pt-BR","potentialAction":[{"@type":"ReadAction","target":["https:\/\/siicsufma.shcomunicacao.com.br\/2022\/?page_id=60"]}]},{"@type":"BreadcrumbList","@id":"https:\/\/siicsufma.shcomunicacao.com.br\/2022\/?page_id=60#breadcrumb","itemListElement":[{"@type":"ListItem","position":1,"name":"In\u00edcio","item":"https:\/\/siicsufma.shcomunicacao.com.br\/2022\/"},{"@type":"ListItem","position":2,"name":"Submiss\u00e3o de Trabalho"}]},{"@type":"WebSite","@id":"https:\/\/siicsufma.shcomunicacao.com.br\/2022\/#website","url":"https:\/\/siicsufma.shcomunicacao.com.br\/2022\/","name":"IV SIICS UFMA","description":"Simp\u00f3sio Internacional Interdisciplinar em Cultura e Sociedade","publisher":{"@id":"https:\/\/siicsufma.shcomunicacao.com.br\/2022\/#organization"},"potentialAction":[{"@type":"SearchAction","target":{"@type":"EntryPoint","urlTemplate":"https:\/\/siicsufma.shcomunicacao.com.br\/2022\/?s={search_term_string}"},"query-input":"required name=search_term_string"}],"inLanguage":"pt-BR"},{"@type":"Organization","@id":"https:\/\/siicsufma.shcomunicacao.com.br\/2022\/#organization","name":"IV SIICS e IX Semana Acad\u00eamica - PGCult UFMA","url":"https:\/\/siicsufma.shcomunicacao.com.br\/2022\/","logo":{"@type":"ImageObject","inLanguage":"pt-BR","@id":"https:\/\/siicsufma.shcomunicacao.com.br\/2022\/#\/schema\/logo\/image\/","url":"http:\/\/siicsufma.shcomunicacao.com.br\/2022\/wp-content\/uploads\/2022\/08\/Arte-SIICS-2022-v.3.jpg","contentUrl":"http:\/\/siicsufma.shcomunicacao.com.br\/2022\/wp-content\/uploads\/2022\/08\/Arte-SIICS-2022-v.3.jpg","width":1080,"height":1080,"caption":"IV SIICS e IX Semana Acad\u00eamica - PGCult UFMA"},"image":{"@id":"https:\/\/siicsufma.shcomunicacao.com.br\/2022\/#\/schema\/logo\/image\/"}}]}},"_links":{"self":[{"href":"https:\/\/siicsufma.shcomunicacao.com.br\/2022\/index.php?rest_route=\/wp\/v2\/pages\/60","targetHints":{"allow":["GET"]}}],"collection":[{"href":"https:\/\/siicsufma.shcomunicacao.com.br\/2022\/index.php?rest_route=\/wp\/v2\/pages"}],"about":[{"href":"https:\/\/siicsufma.shcomunicacao.com.br\/2022\/index.php?rest_route=\/wp\/v2\/types\/page"}],"author":[{"embeddable":true,"href":"https:\/\/siicsufma.shcomunicacao.com.br\/2022\/index.php?rest_route=\/wp\/v2\/users\/1"}],"replies":[{"embeddable":true,"href":"https:\/\/siicsufma.shcomunicacao.com.br\/2022\/index.php?rest_route=%2Fwp%2Fv2%2Fcomments&post=60"}],"version-history":[{"count":22,"href":"https:\/\/siicsufma.shcomunicacao.com.br\/2022\/index.php?rest_route=\/wp\/v2\/pages\/60\/revisions"}],"predecessor-version":[{"id":351,"href":"https:\/\/siicsufma.shcomunicacao.com.br\/2022\/index.php?rest_route=\/wp\/v2\/pages\/60\/revisions\/351"}],"wp:attachment":[{"href":"https:\/\/siicsufma.shcomunicacao.com.br\/2022\/index.php?rest_route=%2Fwp%2Fv2%2Fmedia&parent=60"}],"curies":[{"name":"wp","href":"https:\/\/api.w.org\/{rel}","templated":true}]}}