{"id":57,"date":"2022-08-05T18:49:21","date_gmt":"2022-08-05T21:49:21","guid":{"rendered":"https:\/\/siicsufma.shcomunicacao.com.br\/2022\/?page_id=57"},"modified":"2022-08-18T21:22:37","modified_gmt":"2022-08-19T00:22:37","slug":"inscricao","status":"publish","type":"page","link":"https:\/\/siicsufma.shcomunicacao.com.br\/2022\/?page_id=57","title":{"rendered":"Inscri\u00e7\u00e3o"},"content":{"rendered":"\n<p>Para participar do&nbsp;<strong>IV SIMP\u00d3SIO INTERNACIONAL INTERDISCIPLINAR EM CULTURA E SOCIEDADE (SIICS)<\/strong>&nbsp;como ouvinte ou para apresentar um artigo \u00e9 preciso se inscrever gratuitamente no evento. Fique atento aos prazos e condi\u00e7\u00f5es de inscri\u00e7\u00e3o:<\/p>\n\n\n\n<p>\u200b<strong>10 de AGOSTO a 26 de SETEMBRO de 2022<\/strong>&nbsp;\u2013 Inscri\u00e7\u00e3o para participantes que N\u00c3O apresentar\u00e3o trabalhos.\u200b<\/p>\n\n\n\n<p><strong><strong>10 de AGOSTO a 13 de SETEMBRO de 2022<\/strong><\/strong>\u00a0&#8211; Inscri\u00e7\u00e3o para participantes que APRESENTAR\u00c3O trabalhos (resumo).\u200b<\/p>\n\n\n\n<p><strong>De 27 a <strong>30 de SETEMBRO de 2022<\/strong><\/strong>\u00a0&#8211; Envio dos trabalhos completos para publica\u00e7\u00e3o no E-book.<\/p>\n\n\n\n<h3 class=\"has-text-color wp-block-heading\" id=\"h-observacoes-importantes\" style=\"color:#348e91\"><strong><span style=\"text-decoration: underline;\">Observa\u00e7\u00f5es Importantes<\/span><\/strong><\/h3>\n\n\n\n<ul class=\"wp-block-list\"><li>Cada autor poder\u00e1 enviar at\u00e9 4&nbsp;(quatro)&nbsp;trabalhos, se desejar, um para cada eixo tem\u00e1tico.<\/li><li>Para cada trabalho podem participar, em coautoria, at\u00e9 5&nbsp;(cinco) autores, sendo que somente um apresentar\u00e1 o trabalho e essa escolha deve ser marcada no formul\u00e1rio.<\/li><li><span style=\"color: initial;\">Para publica\u00e7\u00e3o nas atas do simp\u00f3sio&nbsp;todos os autores devem estar inscritos.<\/span><\/li><li>Ser\u00e1 fornecido certificado on-line, com carga hor\u00e1ria de 40 horas, a todos os participantes credenciados.<\/li><li>Ser\u00e1 fornecido certificado on-line, com carga hor\u00e1ria de 5 horas, a todos os participantes inscritos em minicurso.<\/li><li>As inscri\u00e7\u00f5es para ouvintes (sem apresenta\u00e7\u00e3o de trabalhos) devem ser realizadas exclusivamente pela internet, at\u00e9 o dia 27\/9\/2022.<\/li><\/ul>\n\n\n\n<p><\/p>\n\n\n\n<div class=\"wp-block-columns is-layout-flex wp-container-core-columns-is-layout-9d6595d7 wp-block-columns-is-layout-flex\">\n<div class=\"wp-block-column is-layout-flow wp-block-column-is-layout-flow\">\n<div class=\"wp-block-buttons is-layout-flex wp-block-buttons-is-layout-flex\">\n<div class=\"wp-block-button aligncenter\"><a class=\"wp-block-button__link has-white-color has-text-color has-background\" href=\"https:\/\/doity.com.br\/siicsufma2022\/passo1\" style=\"background-color:#1c5052\" target=\"_blank\" rel=\"noreferrer noopener\">Inscreva-se!<\/a><\/div>\n<\/div>\n<\/div>\n\n\n\n<div class=\"wp-block-column is-layout-flow wp-block-column-is-layout-flow\">\n<div class=\"wp-block-buttons is-layout-flex wp-block-buttons-is-layout-flex\">\n<div class=\"wp-block-button aligncenter\"><a class=\"wp-block-button__link has-white-color has-text-color has-background\" href=\"https:\/\/siicsufma.shcomunicacao.com.br\/2022\/submissao-de-trabalho\/\" style=\"background-color:#1c5052\">Submiss\u00e3o de Trabalhos<\/a><\/div>\n<\/div>\n<\/div>\n<\/div>\n","protected":false},"excerpt":{"rendered":"<p>Para participar do&nbsp;IV SIMP\u00d3SIO INTERNACIONAL INTERDISCIPLINAR EM CULTURA E SOCIEDADE (SIICS)&nbsp;como ouvinte ou para apresentar um artigo \u00e9 preciso se inscrever gratuitamente no evento. Fique atento aos prazos e condi\u00e7\u00f5es de inscri\u00e7\u00e3o: \u200b10 de AGOSTO a 26 de SETEMBRO de 2022&nbsp;\u2013 Inscri\u00e7\u00e3o para participantes que N\u00c3O apresentar\u00e3o trabalhos.\u200b 10 de AGOSTO a 13 de SETEMBRO [&hellip;]<\/p>\n","protected":false},"author":1,"featured_media":0,"parent":0,"menu_order":0,"comment_status":"closed","ping_status":"closed","template":"","meta":{"footnotes":""},"class_list":["post-57","page","type-page","status-publish","hentry"],"yoast_head":"<!-- This site is optimized with the Yoast SEO Premium plugin v19.0.1 (Yoast SEO v19.13) - https:\/\/yoast.com\/wordpress\/plugins\/seo\/ -->\n<title>Inscri\u00e7\u00e3o - IV SIICS UFMA<\/title>\n<meta name=\"robots\" content=\"index, follow, max-snippet:-1, max-image-preview:large, max-video-preview:-1\" \/>\n<link rel=\"canonical\" href=\"https:\/\/siicsufma.shcomunicacao.com.br\/2022\/?page_id=57\" \/>\n<meta property=\"og:locale\" content=\"pt_BR\" \/>\n<meta property=\"og:type\" content=\"article\" \/>\n<meta property=\"og:title\" content=\"Inscri\u00e7\u00e3o\" \/>\n<meta property=\"og:description\" content=\"Para participar do&nbsp;IV SIMP\u00d3SIO INTERNACIONAL INTERDISCIPLINAR EM CULTURA E SOCIEDADE (SIICS)&nbsp;como ouvinte ou para apresentar um artigo \u00e9 preciso se inscrever gratuitamente no evento. Fique atento aos prazos e condi\u00e7\u00f5es de inscri\u00e7\u00e3o: \u200b10 de AGOSTO a 26 de SETEMBRO de 2022&nbsp;\u2013 Inscri\u00e7\u00e3o para participantes que N\u00c3O apresentar\u00e3o trabalhos.\u200b 10 de AGOSTO a 13 de SETEMBRO [&hellip;]\" \/>\n<meta property=\"og:url\" content=\"https:\/\/siicsufma.shcomunicacao.com.br\/2022\/?page_id=57\" \/>\n<meta property=\"og:site_name\" content=\"IV SIICS UFMA\" \/>\n<meta property=\"article:modified_time\" content=\"2022-08-19T00:22:37+00:00\" \/>\n<meta property=\"og:image\" content=\"https:\/\/siicsufma.shcomunicacao.com.br\/2022\/wp-content\/uploads\/2022\/08\/Arte-SIICS-2022-CARD-v.2.png\" \/>\n\t<meta property=\"og:image:width\" content=\"1080\" \/>\n\t<meta property=\"og:image:height\" content=\"1080\" \/>\n\t<meta property=\"og:image:type\" content=\"image\/png\" \/>\n<meta name=\"twitter:card\" content=\"summary_large_image\" \/>\n<meta name=\"twitter:label1\" content=\"Est. tempo de leitura\" \/>\n\t<meta name=\"twitter:data1\" content=\"2 minutos\" \/>\n<script type=\"application\/ld+json\" class=\"yoast-schema-graph\">{\"@context\":\"https:\/\/schema.org\",\"@graph\":[{\"@type\":\"WebPage\",\"@id\":\"https:\/\/siicsufma.shcomunicacao.com.br\/2022\/?page_id=57\",\"url\":\"https:\/\/siicsufma.shcomunicacao.com.br\/2022\/?page_id=57\",\"name\":\"Inscri\u00e7\u00e3o - IV SIICS UFMA\",\"isPartOf\":{\"@id\":\"https:\/\/siicsufma.shcomunicacao.com.br\/2022\/#website\"},\"datePublished\":\"2022-08-05T21:49:21+00:00\",\"dateModified\":\"2022-08-19T00:22:37+00:00\",\"breadcrumb\":{\"@id\":\"https:\/\/siicsufma.shcomunicacao.com.br\/2022\/?page_id=57#breadcrumb\"},\"inLanguage\":\"pt-BR\",\"potentialAction\":[{\"@type\":\"ReadAction\",\"target\":[\"https:\/\/siicsufma.shcomunicacao.com.br\/2022\/?page_id=57\"]}]},{\"@type\":\"BreadcrumbList\",\"@id\":\"https:\/\/siicsufma.shcomunicacao.com.br\/2022\/?page_id=57#breadcrumb\",\"itemListElement\":[{\"@type\":\"ListItem\",\"position\":1,\"name\":\"In\u00edcio\",\"item\":\"https:\/\/siicsufma.shcomunicacao.com.br\/2022\/\"},{\"@type\":\"ListItem\",\"position\":2,\"name\":\"Inscri\u00e7\u00e3o\"}]},{\"@type\":\"WebSite\",\"@id\":\"https:\/\/siicsufma.shcomunicacao.com.br\/2022\/#website\",\"url\":\"https:\/\/siicsufma.shcomunicacao.com.br\/2022\/\",\"name\":\"IV SIICS UFMA\",\"description\":\"Simp\u00f3sio Internacional Interdisciplinar em Cultura e Sociedade\",\"publisher\":{\"@id\":\"https:\/\/siicsufma.shcomunicacao.com.br\/2022\/#organization\"},\"potentialAction\":[{\"@type\":\"SearchAction\",\"target\":{\"@type\":\"EntryPoint\",\"urlTemplate\":\"https:\/\/siicsufma.shcomunicacao.com.br\/2022\/?s={search_term_string}\"},\"query-input\":\"required name=search_term_string\"}],\"inLanguage\":\"pt-BR\"},{\"@type\":\"Organization\",\"@id\":\"https:\/\/siicsufma.shcomunicacao.com.br\/2022\/#organization\",\"name\":\"IV SIICS e IX Semana Acad\u00eamica - PGCult UFMA\",\"url\":\"https:\/\/siicsufma.shcomunicacao.com.br\/2022\/\",\"logo\":{\"@type\":\"ImageObject\",\"inLanguage\":\"pt-BR\",\"@id\":\"https:\/\/siicsufma.shcomunicacao.com.br\/2022\/#\/schema\/logo\/image\/\",\"url\":\"http:\/\/siicsufma.shcomunicacao.com.br\/2022\/wp-content\/uploads\/2022\/08\/Arte-SIICS-2022-v.3.jpg\",\"contentUrl\":\"http:\/\/siicsufma.shcomunicacao.com.br\/2022\/wp-content\/uploads\/2022\/08\/Arte-SIICS-2022-v.3.jpg\",\"width\":1080,\"height\":1080,\"caption\":\"IV SIICS e IX Semana Acad\u00eamica - PGCult UFMA\"},\"image\":{\"@id\":\"https:\/\/siicsufma.shcomunicacao.com.br\/2022\/#\/schema\/logo\/image\/\"}}]}<\/script>\n<!-- \/ Yoast SEO Premium plugin. -->","yoast_head_json":{"title":"Inscri\u00e7\u00e3o - IV SIICS UFMA","robots":{"index":"index","follow":"follow","max-snippet":"max-snippet:-1","max-image-preview":"max-image-preview:large","max-video-preview":"max-video-preview:-1"},"canonical":"https:\/\/siicsufma.shcomunicacao.com.br\/2022\/?page_id=57","og_locale":"pt_BR","og_type":"article","og_title":"Inscri\u00e7\u00e3o","og_description":"Para participar do&nbsp;IV SIMP\u00d3SIO INTERNACIONAL INTERDISCIPLINAR EM CULTURA E SOCIEDADE (SIICS)&nbsp;como ouvinte ou para apresentar um artigo \u00e9 preciso se inscrever gratuitamente no evento. Fique atento aos prazos e condi\u00e7\u00f5es de inscri\u00e7\u00e3o: \u200b10 de AGOSTO a 26 de SETEMBRO de 2022&nbsp;\u2013 Inscri\u00e7\u00e3o para participantes que N\u00c3O apresentar\u00e3o trabalhos.\u200b 10 de AGOSTO a 13 de SETEMBRO [&hellip;]","og_url":"https:\/\/siicsufma.shcomunicacao.com.br\/2022\/?page_id=57","og_site_name":"IV SIICS UFMA","article_modified_time":"2022-08-19T00:22:37+00:00","og_image":[{"width":1080,"height":1080,"url":"https:\/\/siicsufma.shcomunicacao.com.br\/2022\/wp-content\/uploads\/2022\/08\/Arte-SIICS-2022-CARD-v.2.png","type":"image\/png"}],"twitter_card":"summary_large_image","twitter_misc":{"Est. tempo de leitura":"2 minutos"},"schema":{"@context":"https:\/\/schema.org","@graph":[{"@type":"WebPage","@id":"https:\/\/siicsufma.shcomunicacao.com.br\/2022\/?page_id=57","url":"https:\/\/siicsufma.shcomunicacao.com.br\/2022\/?page_id=57","name":"Inscri\u00e7\u00e3o - IV SIICS UFMA","isPartOf":{"@id":"https:\/\/siicsufma.shcomunicacao.com.br\/2022\/#website"},"datePublished":"2022-08-05T21:49:21+00:00","dateModified":"2022-08-19T00:22:37+00:00","breadcrumb":{"@id":"https:\/\/siicsufma.shcomunicacao.com.br\/2022\/?page_id=57#breadcrumb"},"inLanguage":"pt-BR","potentialAction":[{"@type":"ReadAction","target":["https:\/\/siicsufma.shcomunicacao.com.br\/2022\/?page_id=57"]}]},{"@type":"BreadcrumbList","@id":"https:\/\/siicsufma.shcomunicacao.com.br\/2022\/?page_id=57#breadcrumb","itemListElement":[{"@type":"ListItem","position":1,"name":"In\u00edcio","item":"https:\/\/siicsufma.shcomunicacao.com.br\/2022\/"},{"@type":"ListItem","position":2,"name":"Inscri\u00e7\u00e3o"}]},{"@type":"WebSite","@id":"https:\/\/siicsufma.shcomunicacao.com.br\/2022\/#website","url":"https:\/\/siicsufma.shcomunicacao.com.br\/2022\/","name":"IV SIICS UFMA","description":"Simp\u00f3sio Internacional Interdisciplinar em Cultura e Sociedade","publisher":{"@id":"https:\/\/siicsufma.shcomunicacao.com.br\/2022\/#organization"},"potentialAction":[{"@type":"SearchAction","target":{"@type":"EntryPoint","urlTemplate":"https:\/\/siicsufma.shcomunicacao.com.br\/2022\/?s={search_term_string}"},"query-input":"required name=search_term_string"}],"inLanguage":"pt-BR"},{"@type":"Organization","@id":"https:\/\/siicsufma.shcomunicacao.com.br\/2022\/#organization","name":"IV SIICS e IX Semana Acad\u00eamica - PGCult UFMA","url":"https:\/\/siicsufma.shcomunicacao.com.br\/2022\/","logo":{"@type":"ImageObject","inLanguage":"pt-BR","@id":"https:\/\/siicsufma.shcomunicacao.com.br\/2022\/#\/schema\/logo\/image\/","url":"http:\/\/siicsufma.shcomunicacao.com.br\/2022\/wp-content\/uploads\/2022\/08\/Arte-SIICS-2022-v.3.jpg","contentUrl":"http:\/\/siicsufma.shcomunicacao.com.br\/2022\/wp-content\/uploads\/2022\/08\/Arte-SIICS-2022-v.3.jpg","width":1080,"height":1080,"caption":"IV SIICS e IX Semana Acad\u00eamica - PGCult UFMA"},"image":{"@id":"https:\/\/siicsufma.shcomunicacao.com.br\/2022\/#\/schema\/logo\/image\/"}}]}},"_links":{"self":[{"href":"https:\/\/siicsufma.shcomunicacao.com.br\/2022\/index.php?rest_route=\/wp\/v2\/pages\/57","targetHints":{"allow":["GET"]}}],"collection":[{"href":"https:\/\/siicsufma.shcomunicacao.com.br\/2022\/index.php?rest_route=\/wp\/v2\/pages"}],"about":[{"href":"https:\/\/siicsufma.shcomunicacao.com.br\/2022\/index.php?rest_route=\/wp\/v2\/types\/page"}],"author":[{"embeddable":true,"href":"https:\/\/siicsufma.shcomunicacao.com.br\/2022\/index.php?rest_route=\/wp\/v2\/users\/1"}],"replies":[{"embeddable":true,"href":"https:\/\/siicsufma.shcomunicacao.com.br\/2022\/index.php?rest_route=%2Fwp%2Fv2%2Fcomments&post=57"}],"version-history":[{"count":13,"href":"https:\/\/siicsufma.shcomunicacao.com.br\/2022\/index.php?rest_route=\/wp\/v2\/pages\/57\/revisions"}],"predecessor-version":[{"id":343,"href":"https:\/\/siicsufma.shcomunicacao.com.br\/2022\/index.php?rest_route=\/wp\/v2\/pages\/57\/revisions\/343"}],"wp:attachment":[{"href":"https:\/\/siicsufma.shcomunicacao.com.br\/2022\/index.php?rest_route=%2Fwp%2Fv2%2Fmedia&parent=57"}],"curies":[{"name":"wp","href":"https:\/\/api.w.org\/{rel}","templated":true}]}}