{"id":50,"date":"2022-08-05T18:48:50","date_gmt":"2022-08-05T21:48:50","guid":{"rendered":"https:\/\/siicsufma.shcomunicacao.com.br\/2022\/?page_id=50"},"modified":"2022-08-05T20:22:48","modified_gmt":"2022-08-05T23:22:48","slug":"historico","status":"publish","type":"page","link":"https:\/\/siicsufma.shcomunicacao.com.br\/2022\/?page_id=50","title":{"rendered":"Hist\u00f3rico"},"content":{"rendered":"\n<p>Em <strong>2013<\/strong>, foi realizado o I Simp\u00f3sio Interdisciplinar em Cultura e Sociedade, em n\u00edvel nacional, com a participa\u00e7\u00e3o de professores e pesquisadores do Programa em de P\u00f3sgradua\u00e7\u00e3o em Cultura e Sociedade &#8211; PGCULT, e com a participa\u00e7\u00e3o de professores de outros Programas Interdisciplinares, tendo a participa\u00e7\u00e3o especial do Professor Dr. Adalberto Silva Santos, da Universidade Federal da Bahia (UFBA), que tratou sobre \u201cA quest\u00e3o da interdisciplinaridade em programas de p\u00f3s-gradua\u00e7\u00e3o <em>stricto sensu<\/em>\u201d. O resultado foi excelente, pois alavancou v\u00e1rias mudan\u00e7as no Programa, a come\u00e7ar pela reestrutura\u00e7\u00e3o das Linhas de Pesquisa, disciplinas e Grupos de Pesquisa. Destarte, firmamos o interc\u00e2mbio, sob o interm\u00e9dio do Mestrado em Cultura e Sociedade da UFBA, com a Red Latinoamericana de Posgrados en Estudios sobre la Cultura, com sede na Cidade do M\u00e9xico.<\/p>\n\n\n\n<p>Em <strong>2015<\/strong>, ocorreu o <strong>I Simp\u00f3sio Internacional Interdisciplinar em Cultura e Sociedade &#8211; I SIICS.<\/strong> Participaram professores do M\u00e9xico, de Portugal, al\u00e9m de v\u00e1rios professores do Brasil. A partir de ent\u00e3o, o Simp\u00f3sio passou a ter configura\u00e7\u00e3o bianual. No I SIICS, as discuss\u00f5es ocorreram em torno de tem\u00e1ticas como: Sistemas Urbanos Sustent\u00e1veis; Arte e Literatura; Mem\u00f3ria e Patrim\u00f4nio dialogando com as linhas de pesquisa dos professores do PGCULT.<\/p>\n\n\n\n<p>Em <strong>2017<\/strong>, ocorreu <strong>II Simp\u00f3sio Internacional Interdisciplinar em Cultura e Sociedade-II SIICS<\/strong> da Universidade Federal do Maranh\u00e3o que abarcou uma diversidade de trabalhos e reflex\u00f5es acerca da Interdisciplinaridade e suas implica\u00e7\u00f5es com as Ci\u00eancias Humanas e Sociais, inserindo de uma vez por todas a Universidade Federal do Maranh\u00e3o no debate Nacional e Internacional. Neste evento tiveram 516 inscritos com 314 apresenta\u00e7\u00f5es de trabalhos com enfoque na interdisciplinaridade com publica\u00e7\u00e3o de Caderno de Resumos e Anais com trabalhos completos e ISBN.\u00a0 O II Simp\u00f3sio Internacional Interdisciplinar em Cultura e Sociedade \u2013 SIICS realizou sua segunda edi\u00e7\u00e3o em outubro de 2017, no Centro de Ci\u00eancias Humanas no Campus Dom Delgado em S\u00e3o Lu\u00eds &#8211; MA.<\/p>\n\n\n\n<p>A terceira edi\u00e7\u00e3o desse importante evento, <strong>III Simp\u00f3sio Internacional Interdisciplinar em Cultura e Sociedade &#8211; III SIICS<\/strong>, ocorreu em <strong>2019 <\/strong>e foipromovida pelo Mestrado Interdisciplinar em Cultura e Sociedade- PGCult. Contou com a presen\u00e7a de convidados internacionais &#8211; de Val\u00eancia, Madrid e Portugal, e convidados nacionais, com o prop\u00f3sito de promover publica\u00e7\u00f5es cient\u00edficas, fomentar discuss\u00f5es e debates em torno da interdisciplinaridade no \u00e2mbito das ci\u00eancias humanas e sociais, com vistas \u00e0 produ\u00e7\u00e3o do conhecimento e de pr\u00e1ticas fundamentadas na interlocu\u00e7\u00e3o entre as diferentes \u00e1reas do saber. Nesta edi\u00e7\u00e3o foram 767 inscritos com 435 apresenta\u00e7\u00f5es de trabalhos nas diversas \u00e1reas do conhecimento e dialogando entre si com publica\u00e7\u00e3o de Caderno de Resumos e Anais com trabalhos completos e ISBN.<\/p>\n\n\n\n<p>Todas as edi\u00e7\u00f5es evidenciaram um importante di\u00e1logo entre diferentes \u00e1reas do conhecimento no campo da cultura e da sociedade, o que acabou apontando novas possibilidades para o Simp\u00f3sio, em car\u00e1ter Internacional.<\/p>\n\n\n\n<p>Em sua quarta edi\u00e7\u00e3o, o <strong>IV SIMP\u00d3SIO INTERNACIONALINTERDISCIPLINAR EM CULTURA E SOCIEDADE &#8211; IV SIICS <\/strong>da Universidade Federal do Maranh\u00e3o &#8211; UFMA pretende fortalecer e consolidar a diversidade de trabalhos e reflex\u00f5es desenvolvidas atualmente acerca da interdisciplinaridade e suas implica\u00e7\u00f5es com as Ci\u00eancias Humanas e Sociais, consolidando a Universidade Federal do Maranh\u00e3o-UFMA no debate nacional e internacional. O IV Simp\u00f3sio Internacional Interdisciplinar em Cultura e Sociedade \u2013 SIICS realiza sua <strong>quarta edi\u00e7\u00e3o<\/strong> entre os dias <strong>27 e 29 de setembro de 2022<\/strong>, no formato virtual atrav\u00e9s do canal do <em>YouTube<\/em> do Programa de P\u00f3s-Gradua\u00e7\u00e3o em Cultura e Sociedade em raz\u00e3o do contexto de instabilidade sanit\u00e1ria em decorr\u00eancia da pandemia da Covid-19 e com o objetivo de amplia\u00e7\u00e3o do alcance do evento que ser\u00e1 transmitido no canal do <em>YouTube<\/em> do programa.<\/p>\n\n\n\n<p>Dessa forma, a quarta edi\u00e7\u00e3o do SIICS apresenta em sua programa\u00e7\u00e3o participa\u00e7\u00f5es em forma de Comunica\u00e7\u00f5es, Minicursos, Mesas Redondas, Confer\u00eancias e apresenta\u00e7\u00f5es culturais. Todo o formato leva em considera\u00e7\u00e3o os eixos tem\u00e1ticos dos professores participantes e dos seus Grupos de Pesquisa (Grupo de Pesquisa Epistemologia da Antropologia, Etnologia e Pol\u00edtica (GAEP), GEPELHI \u2013 Grupo de Estudos e de Pesquisa Literatura, Hist\u00f3ria e Imprensa, Laborat\u00f3rio de Tecnologias Dram\u00e1ticas \/LabTecDrama, Teoria da Afetividade na Idade Moderna e Filosofias da Psican\u00e1lise, Comunica\u00e7\u00e3o Midi\u00e1tica e Institucional, Grupo de Estudos em Mem\u00f3ria, Arte e Etnicidade, Grupo de Estudo e Pesquisa Interdisciplinar JeanJacques Rousseau-GEPI Rousseau, Estudos de Paisagem nas Literaturas de L\u00edngua Portuguesa, Ensino e Aprendizagem da Performance Musical, Grupo de estudo e pesquisa interdisciplinar em Kant \u2013 GEPI &#8211; Kant, Grupo de Pesquisa dos Sistemas Ambientais Maranhenses, Grupo Interdisciplinar em Sociedade e Meio Ambiente na Amaz\u00f4nia Oriental Maranhense, Grupo de Estudo e Pesquisas em Patrim\u00f4nio Cultural, Estudos e Pesquisas sobre Tecnologias digitais na educa\u00e7\u00e3o, N\u00facleo de Estudos em Direito e Desenvolvimento e Grupo de Pesquisas em Educa\u00e7\u00e3o Especial e Inclus\u00e3o do Programa de P\u00f3s-Gradua\u00e7\u00e3o em Cultura e Sociedade.<\/p>\n\n\n\n<p>Assim, o <strong>IV<\/strong> <strong>SIIICS<\/strong> pretende vincular-se como um importante evento acad\u00eamico da Universidade Federal do Maranh\u00e3o-UFMA e demonstrar sua expressividade na realidade brasileira e internacionalmente.<\/p>\n\n\n\n<p>A contribui\u00e7\u00e3o do evento para difus\u00e3o e transfer\u00eancia do conhecimento ser\u00e1 feita por meio de publica\u00e7\u00e3o e divulga\u00e7\u00e3o dos resultados em artigos cient\u00edficos nos Anais do evento conforme solicitado em edital. Haver\u00e1 um interc\u00e2mbio de conhecimento entre os grupos de pesquisas e os resultados ser\u00e3o divulgados via plataforma do <em>YouTube<\/em> com reflexos na comunidade acad\u00eamica e n\u00e3o acad\u00eamica, movimentos sociais, comunidades tradicionais dentre outros nacionalmente e internacionalmente. As discuss\u00f5es durante o evento fomentar\u00e3o a elabora\u00e7\u00e3o de projetos de pesquisa e extens\u00e3o que aproximem o Mestrado em Cultura e Sociedade \u2013 PGCult com a sociedade.<\/p>\n","protected":false},"excerpt":{"rendered":"<p>Em 2013, foi realizado o I Simp\u00f3sio Interdisciplinar em Cultura e Sociedade, em n\u00edvel nacional, com a participa\u00e7\u00e3o de professores e pesquisadores do Programa em de P\u00f3sgradua\u00e7\u00e3o em Cultura e Sociedade &#8211; PGCULT, e com a participa\u00e7\u00e3o de professores de outros Programas Interdisciplinares, tendo a participa\u00e7\u00e3o especial do Professor Dr. Adalberto Silva Santos, da Universidade [&hellip;]<\/p>\n","protected":false},"author":1,"featured_media":0,"parent":0,"menu_order":0,"comment_status":"closed","ping_status":"closed","template":"","meta":{"footnotes":""},"class_list":["post-50","page","type-page","status-publish","hentry"],"yoast_head":"<!-- This site is optimized with the Yoast SEO Premium plugin v19.0.1 (Yoast SEO v19.13) - https:\/\/yoast.com\/wordpress\/plugins\/seo\/ -->\n<title>Hist\u00f3rico - IV SIICS UFMA<\/title>\n<meta name=\"robots\" content=\"index, follow, max-snippet:-1, max-image-preview:large, max-video-preview:-1\" \/>\n<link rel=\"canonical\" href=\"https:\/\/siicsufma.shcomunicacao.com.br\/2022\/?page_id=50\" \/>\n<meta property=\"og:locale\" content=\"pt_BR\" \/>\n<meta property=\"og:type\" content=\"article\" \/>\n<meta property=\"og:title\" content=\"Hist\u00f3rico\" \/>\n<meta property=\"og:description\" content=\"Em 2013, foi realizado o I Simp\u00f3sio Interdisciplinar em Cultura e Sociedade, em n\u00edvel nacional, com a participa\u00e7\u00e3o de professores e pesquisadores do Programa em de P\u00f3sgradua\u00e7\u00e3o em Cultura e Sociedade &#8211; PGCULT, e com a participa\u00e7\u00e3o de professores de outros Programas Interdisciplinares, tendo a participa\u00e7\u00e3o especial do Professor Dr. Adalberto Silva Santos, da Universidade [&hellip;]\" \/>\n<meta property=\"og:url\" content=\"https:\/\/siicsufma.shcomunicacao.com.br\/2022\/?page_id=50\" \/>\n<meta property=\"og:site_name\" content=\"IV SIICS UFMA\" \/>\n<meta property=\"article:modified_time\" content=\"2022-08-05T23:22:48+00:00\" \/>\n<meta property=\"og:image\" content=\"https:\/\/siicsufma.shcomunicacao.com.br\/2022\/wp-content\/uploads\/2022\/08\/Arte-SIICS-2022-CARD-v.2.png\" \/>\n\t<meta property=\"og:image:width\" content=\"1080\" \/>\n\t<meta property=\"og:image:height\" content=\"1080\" \/>\n\t<meta property=\"og:image:type\" content=\"image\/png\" \/>\n<meta name=\"twitter:card\" content=\"summary_large_image\" \/>\n<meta name=\"twitter:label1\" content=\"Est. tempo de leitura\" \/>\n\t<meta name=\"twitter:data1\" content=\"5 minutos\" \/>\n<script type=\"application\/ld+json\" class=\"yoast-schema-graph\">{\"@context\":\"https:\/\/schema.org\",\"@graph\":[{\"@type\":\"WebPage\",\"@id\":\"https:\/\/siicsufma.shcomunicacao.com.br\/2022\/?page_id=50\",\"url\":\"https:\/\/siicsufma.shcomunicacao.com.br\/2022\/?page_id=50\",\"name\":\"Hist\u00f3rico - IV SIICS UFMA\",\"isPartOf\":{\"@id\":\"https:\/\/siicsufma.shcomunicacao.com.br\/2022\/#website\"},\"datePublished\":\"2022-08-05T21:48:50+00:00\",\"dateModified\":\"2022-08-05T23:22:48+00:00\",\"breadcrumb\":{\"@id\":\"https:\/\/siicsufma.shcomunicacao.com.br\/2022\/?page_id=50#breadcrumb\"},\"inLanguage\":\"pt-BR\",\"potentialAction\":[{\"@type\":\"ReadAction\",\"target\":[\"https:\/\/siicsufma.shcomunicacao.com.br\/2022\/?page_id=50\"]}]},{\"@type\":\"BreadcrumbList\",\"@id\":\"https:\/\/siicsufma.shcomunicacao.com.br\/2022\/?page_id=50#breadcrumb\",\"itemListElement\":[{\"@type\":\"ListItem\",\"position\":1,\"name\":\"In\u00edcio\",\"item\":\"https:\/\/siicsufma.shcomunicacao.com.br\/2022\/\"},{\"@type\":\"ListItem\",\"position\":2,\"name\":\"Hist\u00f3rico\"}]},{\"@type\":\"WebSite\",\"@id\":\"https:\/\/siicsufma.shcomunicacao.com.br\/2022\/#website\",\"url\":\"https:\/\/siicsufma.shcomunicacao.com.br\/2022\/\",\"name\":\"IV SIICS UFMA\",\"description\":\"Simp\u00f3sio Internacional Interdisciplinar em Cultura e Sociedade\",\"publisher\":{\"@id\":\"https:\/\/siicsufma.shcomunicacao.com.br\/2022\/#organization\"},\"potentialAction\":[{\"@type\":\"SearchAction\",\"target\":{\"@type\":\"EntryPoint\",\"urlTemplate\":\"https:\/\/siicsufma.shcomunicacao.com.br\/2022\/?s={search_term_string}\"},\"query-input\":\"required name=search_term_string\"}],\"inLanguage\":\"pt-BR\"},{\"@type\":\"Organization\",\"@id\":\"https:\/\/siicsufma.shcomunicacao.com.br\/2022\/#organization\",\"name\":\"IV SIICS e IX Semana Acad\u00eamica - PGCult UFMA\",\"url\":\"https:\/\/siicsufma.shcomunicacao.com.br\/2022\/\",\"logo\":{\"@type\":\"ImageObject\",\"inLanguage\":\"pt-BR\",\"@id\":\"https:\/\/siicsufma.shcomunicacao.com.br\/2022\/#\/schema\/logo\/image\/\",\"url\":\"http:\/\/siicsufma.shcomunicacao.com.br\/2022\/wp-content\/uploads\/2022\/08\/Arte-SIICS-2022-v.3.jpg\",\"contentUrl\":\"http:\/\/siicsufma.shcomunicacao.com.br\/2022\/wp-content\/uploads\/2022\/08\/Arte-SIICS-2022-v.3.jpg\",\"width\":1080,\"height\":1080,\"caption\":\"IV SIICS e IX Semana Acad\u00eamica - PGCult UFMA\"},\"image\":{\"@id\":\"https:\/\/siicsufma.shcomunicacao.com.br\/2022\/#\/schema\/logo\/image\/\"}}]}<\/script>\n<!-- \/ Yoast SEO Premium plugin. -->","yoast_head_json":{"title":"Hist\u00f3rico - IV SIICS UFMA","robots":{"index":"index","follow":"follow","max-snippet":"max-snippet:-1","max-image-preview":"max-image-preview:large","max-video-preview":"max-video-preview:-1"},"canonical":"https:\/\/siicsufma.shcomunicacao.com.br\/2022\/?page_id=50","og_locale":"pt_BR","og_type":"article","og_title":"Hist\u00f3rico","og_description":"Em 2013, foi realizado o I Simp\u00f3sio Interdisciplinar em Cultura e Sociedade, em n\u00edvel nacional, com a participa\u00e7\u00e3o de professores e pesquisadores do Programa em de P\u00f3sgradua\u00e7\u00e3o em Cultura e Sociedade &#8211; PGCULT, e com a participa\u00e7\u00e3o de professores de outros Programas Interdisciplinares, tendo a participa\u00e7\u00e3o especial do Professor Dr. Adalberto Silva Santos, da Universidade [&hellip;]","og_url":"https:\/\/siicsufma.shcomunicacao.com.br\/2022\/?page_id=50","og_site_name":"IV SIICS UFMA","article_modified_time":"2022-08-05T23:22:48+00:00","og_image":[{"width":1080,"height":1080,"url":"https:\/\/siicsufma.shcomunicacao.com.br\/2022\/wp-content\/uploads\/2022\/08\/Arte-SIICS-2022-CARD-v.2.png","type":"image\/png"}],"twitter_card":"summary_large_image","twitter_misc":{"Est. tempo de leitura":"5 minutos"},"schema":{"@context":"https:\/\/schema.org","@graph":[{"@type":"WebPage","@id":"https:\/\/siicsufma.shcomunicacao.com.br\/2022\/?page_id=50","url":"https:\/\/siicsufma.shcomunicacao.com.br\/2022\/?page_id=50","name":"Hist\u00f3rico - IV SIICS UFMA","isPartOf":{"@id":"https:\/\/siicsufma.shcomunicacao.com.br\/2022\/#website"},"datePublished":"2022-08-05T21:48:50+00:00","dateModified":"2022-08-05T23:22:48+00:00","breadcrumb":{"@id":"https:\/\/siicsufma.shcomunicacao.com.br\/2022\/?page_id=50#breadcrumb"},"inLanguage":"pt-BR","potentialAction":[{"@type":"ReadAction","target":["https:\/\/siicsufma.shcomunicacao.com.br\/2022\/?page_id=50"]}]},{"@type":"BreadcrumbList","@id":"https:\/\/siicsufma.shcomunicacao.com.br\/2022\/?page_id=50#breadcrumb","itemListElement":[{"@type":"ListItem","position":1,"name":"In\u00edcio","item":"https:\/\/siicsufma.shcomunicacao.com.br\/2022\/"},{"@type":"ListItem","position":2,"name":"Hist\u00f3rico"}]},{"@type":"WebSite","@id":"https:\/\/siicsufma.shcomunicacao.com.br\/2022\/#website","url":"https:\/\/siicsufma.shcomunicacao.com.br\/2022\/","name":"IV SIICS UFMA","description":"Simp\u00f3sio Internacional Interdisciplinar em Cultura e Sociedade","publisher":{"@id":"https:\/\/siicsufma.shcomunicacao.com.br\/2022\/#organization"},"potentialAction":[{"@type":"SearchAction","target":{"@type":"EntryPoint","urlTemplate":"https:\/\/siicsufma.shcomunicacao.com.br\/2022\/?s={search_term_string}"},"query-input":"required name=search_term_string"}],"inLanguage":"pt-BR"},{"@type":"Organization","@id":"https:\/\/siicsufma.shcomunicacao.com.br\/2022\/#organization","name":"IV SIICS e IX Semana Acad\u00eamica - PGCult UFMA","url":"https:\/\/siicsufma.shcomunicacao.com.br\/2022\/","logo":{"@type":"ImageObject","inLanguage":"pt-BR","@id":"https:\/\/siicsufma.shcomunicacao.com.br\/2022\/#\/schema\/logo\/image\/","url":"http:\/\/siicsufma.shcomunicacao.com.br\/2022\/wp-content\/uploads\/2022\/08\/Arte-SIICS-2022-v.3.jpg","contentUrl":"http:\/\/siicsufma.shcomunicacao.com.br\/2022\/wp-content\/uploads\/2022\/08\/Arte-SIICS-2022-v.3.jpg","width":1080,"height":1080,"caption":"IV SIICS e IX Semana Acad\u00eamica - PGCult UFMA"},"image":{"@id":"https:\/\/siicsufma.shcomunicacao.com.br\/2022\/#\/schema\/logo\/image\/"}}]}},"_links":{"self":[{"href":"https:\/\/siicsufma.shcomunicacao.com.br\/2022\/index.php?rest_route=\/wp\/v2\/pages\/50","targetHints":{"allow":["GET"]}}],"collection":[{"href":"https:\/\/siicsufma.shcomunicacao.com.br\/2022\/index.php?rest_route=\/wp\/v2\/pages"}],"about":[{"href":"https:\/\/siicsufma.shcomunicacao.com.br\/2022\/index.php?rest_route=\/wp\/v2\/types\/page"}],"author":[{"embeddable":true,"href":"https:\/\/siicsufma.shcomunicacao.com.br\/2022\/index.php?rest_route=\/wp\/v2\/users\/1"}],"replies":[{"embeddable":true,"href":"https:\/\/siicsufma.shcomunicacao.com.br\/2022\/index.php?rest_route=%2Fwp%2Fv2%2Fcomments&post=50"}],"version-history":[{"count":3,"href":"https:\/\/siicsufma.shcomunicacao.com.br\/2022\/index.php?rest_route=\/wp\/v2\/pages\/50\/revisions"}],"predecessor-version":[{"id":167,"href":"https:\/\/siicsufma.shcomunicacao.com.br\/2022\/index.php?rest_route=\/wp\/v2\/pages\/50\/revisions\/167"}],"wp:attachment":[{"href":"https:\/\/siicsufma.shcomunicacao.com.br\/2022\/index.php?rest_route=%2Fwp%2Fv2%2Fmedia&parent=50"}],"curies":[{"name":"wp","href":"https:\/\/api.w.org\/{rel}","templated":true}]}}