{"id":397,"date":"2022-10-04T20:05:40","date_gmt":"2022-10-04T23:05:40","guid":{"rendered":"https:\/\/siicsufma.shcomunicacao.com.br\/2022\/?page_id=397"},"modified":"2022-10-04T20:07:12","modified_gmt":"2022-10-04T23:07:12","slug":"certificados","status":"publish","type":"page","link":"https:\/\/siicsufma.shcomunicacao.com.br\/2022\/?page_id=397","title":{"rendered":"Certificados"},"content":{"rendered":"\n<p><strong>Digite seu e-mail cadastrado no ato da inscri\u00e7\u00e3o, para emitir os certificados dispon\u00edveis<\/strong><\/p>\n\n\n\n<script src=\"https:\/\/doity.com.br\/js\/box_inscricao.js\" type=\"text\/javascript\"><\/script> <iframe scrolling=\"0\" id=\"iframe-inscricao\" onload=\"setIframeHeight(this.id)\" style=\"width: 100%;height: 500px;border: none;\" src=\"https:\/\/doity.com.br\/siicsufma2022\/certificados?box=1\"> <\/iframe>\n","protected":false},"excerpt":{"rendered":"<p>Digite seu e-mail cadastrado no ato da inscri\u00e7\u00e3o, para emitir os certificados dispon\u00edveis<\/p>\n","protected":false},"author":1,"featured_media":0,"parent":0,"menu_order":0,"comment_status":"closed","ping_status":"closed","template":"","meta":{"footnotes":""},"class_list":["post-397","page","type-page","status-publish","hentry"],"yoast_head":"<!-- This site is optimized with the Yoast SEO Premium plugin v19.0.1 (Yoast SEO v19.13) - https:\/\/yoast.com\/wordpress\/plugins\/seo\/ -->\n<title>Certificados - IV SIICS UFMA<\/title>\n<meta name=\"robots\" content=\"index, follow, max-snippet:-1, max-image-preview:large, max-video-preview:-1\" \/>\n<link rel=\"canonical\" href=\"https:\/\/siicsufma.shcomunicacao.com.br\/2022\/?page_id=397\" \/>\n<meta property=\"og:locale\" content=\"pt_BR\" \/>\n<meta property=\"og:type\" content=\"article\" \/>\n<meta property=\"og:title\" content=\"Certificados\" \/>\n<meta property=\"og:description\" content=\"Digite seu e-mail cadastrado no ato da inscri\u00e7\u00e3o, para emitir os certificados dispon\u00edveis\" \/>\n<meta property=\"og:url\" content=\"https:\/\/siicsufma.shcomunicacao.com.br\/2022\/?page_id=397\" \/>\n<meta property=\"og:site_name\" content=\"IV SIICS UFMA\" \/>\n<meta property=\"article:modified_time\" content=\"2022-10-04T23:07:12+00:00\" \/>\n<meta property=\"og:image\" content=\"https:\/\/siicsufma.shcomunicacao.com.br\/2022\/wp-content\/uploads\/2022\/08\/Arte-SIICS-2022-CARD-v.2.png\" \/>\n\t<meta property=\"og:image:width\" content=\"1080\" \/>\n\t<meta property=\"og:image:height\" content=\"1080\" \/>\n\t<meta property=\"og:image:type\" content=\"image\/png\" \/>\n<meta name=\"twitter:card\" content=\"summary_large_image\" \/>\n<meta name=\"twitter:label1\" content=\"Est. tempo de leitura\" \/>\n\t<meta name=\"twitter:data1\" content=\"1 minuto\" \/>\n<script type=\"application\/ld+json\" class=\"yoast-schema-graph\">{\"@context\":\"https:\/\/schema.org\",\"@graph\":[{\"@type\":\"WebPage\",\"@id\":\"https:\/\/siicsufma.shcomunicacao.com.br\/2022\/?page_id=397\",\"url\":\"https:\/\/siicsufma.shcomunicacao.com.br\/2022\/?page_id=397\",\"name\":\"Certificados - IV SIICS UFMA\",\"isPartOf\":{\"@id\":\"https:\/\/siicsufma.shcomunicacao.com.br\/2022\/#website\"},\"datePublished\":\"2022-10-04T23:05:40+00:00\",\"dateModified\":\"2022-10-04T23:07:12+00:00\",\"breadcrumb\":{\"@id\":\"https:\/\/siicsufma.shcomunicacao.com.br\/2022\/?page_id=397#breadcrumb\"},\"inLanguage\":\"pt-BR\",\"potentialAction\":[{\"@type\":\"ReadAction\",\"target\":[\"https:\/\/siicsufma.shcomunicacao.com.br\/2022\/?page_id=397\"]}]},{\"@type\":\"BreadcrumbList\",\"@id\":\"https:\/\/siicsufma.shcomunicacao.com.br\/2022\/?page_id=397#breadcrumb\",\"itemListElement\":[{\"@type\":\"ListItem\",\"position\":1,\"name\":\"In\u00edcio\",\"item\":\"https:\/\/siicsufma.shcomunicacao.com.br\/2022\/\"},{\"@type\":\"ListItem\",\"position\":2,\"name\":\"Certificados\"}]},{\"@type\":\"WebSite\",\"@id\":\"https:\/\/siicsufma.shcomunicacao.com.br\/2022\/#website\",\"url\":\"https:\/\/siicsufma.shcomunicacao.com.br\/2022\/\",\"name\":\"IV SIICS UFMA\",\"description\":\"Simp\u00f3sio Internacional Interdisciplinar em Cultura e Sociedade\",\"publisher\":{\"@id\":\"https:\/\/siicsufma.shcomunicacao.com.br\/2022\/#organization\"},\"potentialAction\":[{\"@type\":\"SearchAction\",\"target\":{\"@type\":\"EntryPoint\",\"urlTemplate\":\"https:\/\/siicsufma.shcomunicacao.com.br\/2022\/?s={search_term_string}\"},\"query-input\":\"required name=search_term_string\"}],\"inLanguage\":\"pt-BR\"},{\"@type\":\"Organization\",\"@id\":\"https:\/\/siicsufma.shcomunicacao.com.br\/2022\/#organization\",\"name\":\"IV SIICS e IX Semana Acad\u00eamica - PGCult UFMA\",\"url\":\"https:\/\/siicsufma.shcomunicacao.com.br\/2022\/\",\"logo\":{\"@type\":\"ImageObject\",\"inLanguage\":\"pt-BR\",\"@id\":\"https:\/\/siicsufma.shcomunicacao.com.br\/2022\/#\/schema\/logo\/image\/\",\"url\":\"http:\/\/siicsufma.shcomunicacao.com.br\/2022\/wp-content\/uploads\/2022\/08\/Arte-SIICS-2022-v.3.jpg\",\"contentUrl\":\"http:\/\/siicsufma.shcomunicacao.com.br\/2022\/wp-content\/uploads\/2022\/08\/Arte-SIICS-2022-v.3.jpg\",\"width\":1080,\"height\":1080,\"caption\":\"IV SIICS e IX Semana Acad\u00eamica - PGCult UFMA\"},\"image\":{\"@id\":\"https:\/\/siicsufma.shcomunicacao.com.br\/2022\/#\/schema\/logo\/image\/\"}}]}<\/script>\n<!-- \/ Yoast SEO Premium plugin. -->","yoast_head_json":{"title":"Certificados - IV SIICS UFMA","robots":{"index":"index","follow":"follow","max-snippet":"max-snippet:-1","max-image-preview":"max-image-preview:large","max-video-preview":"max-video-preview:-1"},"canonical":"https:\/\/siicsufma.shcomunicacao.com.br\/2022\/?page_id=397","og_locale":"pt_BR","og_type":"article","og_title":"Certificados","og_description":"Digite seu e-mail cadastrado no ato da inscri\u00e7\u00e3o, para emitir os certificados dispon\u00edveis","og_url":"https:\/\/siicsufma.shcomunicacao.com.br\/2022\/?page_id=397","og_site_name":"IV SIICS UFMA","article_modified_time":"2022-10-04T23:07:12+00:00","og_image":[{"width":1080,"height":1080,"url":"https:\/\/siicsufma.shcomunicacao.com.br\/2022\/wp-content\/uploads\/2022\/08\/Arte-SIICS-2022-CARD-v.2.png","type":"image\/png"}],"twitter_card":"summary_large_image","twitter_misc":{"Est. tempo de leitura":"1 minuto"},"schema":{"@context":"https:\/\/schema.org","@graph":[{"@type":"WebPage","@id":"https:\/\/siicsufma.shcomunicacao.com.br\/2022\/?page_id=397","url":"https:\/\/siicsufma.shcomunicacao.com.br\/2022\/?page_id=397","name":"Certificados - IV SIICS UFMA","isPartOf":{"@id":"https:\/\/siicsufma.shcomunicacao.com.br\/2022\/#website"},"datePublished":"2022-10-04T23:05:40+00:00","dateModified":"2022-10-04T23:07:12+00:00","breadcrumb":{"@id":"https:\/\/siicsufma.shcomunicacao.com.br\/2022\/?page_id=397#breadcrumb"},"inLanguage":"pt-BR","potentialAction":[{"@type":"ReadAction","target":["https:\/\/siicsufma.shcomunicacao.com.br\/2022\/?page_id=397"]}]},{"@type":"BreadcrumbList","@id":"https:\/\/siicsufma.shcomunicacao.com.br\/2022\/?page_id=397#breadcrumb","itemListElement":[{"@type":"ListItem","position":1,"name":"In\u00edcio","item":"https:\/\/siicsufma.shcomunicacao.com.br\/2022\/"},{"@type":"ListItem","position":2,"name":"Certificados"}]},{"@type":"WebSite","@id":"https:\/\/siicsufma.shcomunicacao.com.br\/2022\/#website","url":"https:\/\/siicsufma.shcomunicacao.com.br\/2022\/","name":"IV SIICS UFMA","description":"Simp\u00f3sio Internacional Interdisciplinar em Cultura e Sociedade","publisher":{"@id":"https:\/\/siicsufma.shcomunicacao.com.br\/2022\/#organization"},"potentialAction":[{"@type":"SearchAction","target":{"@type":"EntryPoint","urlTemplate":"https:\/\/siicsufma.shcomunicacao.com.br\/2022\/?s={search_term_string}"},"query-input":"required name=search_term_string"}],"inLanguage":"pt-BR"},{"@type":"Organization","@id":"https:\/\/siicsufma.shcomunicacao.com.br\/2022\/#organization","name":"IV SIICS e IX Semana Acad\u00eamica - PGCult UFMA","url":"https:\/\/siicsufma.shcomunicacao.com.br\/2022\/","logo":{"@type":"ImageObject","inLanguage":"pt-BR","@id":"https:\/\/siicsufma.shcomunicacao.com.br\/2022\/#\/schema\/logo\/image\/","url":"http:\/\/siicsufma.shcomunicacao.com.br\/2022\/wp-content\/uploads\/2022\/08\/Arte-SIICS-2022-v.3.jpg","contentUrl":"http:\/\/siicsufma.shcomunicacao.com.br\/2022\/wp-content\/uploads\/2022\/08\/Arte-SIICS-2022-v.3.jpg","width":1080,"height":1080,"caption":"IV SIICS e IX Semana Acad\u00eamica - PGCult UFMA"},"image":{"@id":"https:\/\/siicsufma.shcomunicacao.com.br\/2022\/#\/schema\/logo\/image\/"}}]}},"_links":{"self":[{"href":"https:\/\/siicsufma.shcomunicacao.com.br\/2022\/index.php?rest_route=\/wp\/v2\/pages\/397","targetHints":{"allow":["GET"]}}],"collection":[{"href":"https:\/\/siicsufma.shcomunicacao.com.br\/2022\/index.php?rest_route=\/wp\/v2\/pages"}],"about":[{"href":"https:\/\/siicsufma.shcomunicacao.com.br\/2022\/index.php?rest_route=\/wp\/v2\/types\/page"}],"author":[{"embeddable":true,"href":"https:\/\/siicsufma.shcomunicacao.com.br\/2022\/index.php?rest_route=\/wp\/v2\/users\/1"}],"replies":[{"embeddable":true,"href":"https:\/\/siicsufma.shcomunicacao.com.br\/2022\/index.php?rest_route=%2Fwp%2Fv2%2Fcomments&post=397"}],"version-history":[{"count":2,"href":"https:\/\/siicsufma.shcomunicacao.com.br\/2022\/index.php?rest_route=\/wp\/v2\/pages\/397\/revisions"}],"predecessor-version":[{"id":401,"href":"https:\/\/siicsufma.shcomunicacao.com.br\/2022\/index.php?rest_route=\/wp\/v2\/pages\/397\/revisions\/401"}],"wp:attachment":[{"href":"https:\/\/siicsufma.shcomunicacao.com.br\/2022\/index.php?rest_route=%2Fwp%2Fv2%2Fmedia&parent=397"}],"curies":[{"name":"wp","href":"https:\/\/api.w.org\/{rel}","templated":true}]}}